{"id":77,"date":"2024-03-11T17:12:38","date_gmt":"2024-03-11T20:12:38","guid":{"rendered":"https:\/\/vosskodobrasil.com.br\/novo\/?page_id=77"},"modified":"2024-06-28T14:42:35","modified_gmt":"2024-06-28T17:42:35","slug":"noticias","status":"publish","type":"page","link":"https:\/\/www.vosskodobrasil.com.br\/novo\/noticias\/","title":{"rendered":"Not\u00edcias"},"content":{"rendered":"\t\t<div data-elementor-type=\"wp-page\" data-elementor-id=\"77\" class=\"elementor elementor-77\" data-elementor-post-type=\"page\">\n\t\t\t\t<div class=\"elementor-element elementor-element-ed6a6d8 e-flex e-con-boxed e-con e-parent\" data-id=\"ed6a6d8\" data-element_type=\"container\" data-e-type=\"container\" data-settings=\"{&quot;background_background&quot;:&quot;gradient&quot;,&quot;shape_divider_bottom&quot;:&quot;waves&quot;,&quot;shape_divider_bottom_negative&quot;:&quot;yes&quot;}\">\n\t\t\t\t\t<div class=\"e-con-inner\">\n\t\t\t\t<div class=\"elementor-shape elementor-shape-bottom\" aria-hidden=\"true\" data-negative=\"true\">\n\t\t\t<svg xmlns=\"http:\/\/www.w3.org\/2000\/svg\" viewBox=\"0 0 1000 100\" preserveAspectRatio=\"none\">\n\t<path class=\"elementor-shape-fill\" d=\"M790.5,93.1c-59.3-5.3-116.8-18-192.6-50c-29.6-12.7-76.9-31-100.5-35.9c-23.6-4.9-52.6-7.8-75.5-5.3\n\tc-10.2,1.1-22.6,1.4-50.1,7.4c-27.2,6.3-58.2,16.6-79.4,24.7c-41.3,15.9-94.9,21.9-134,22.6C72,58.2,0,25.8,0,25.8V100h1000V65.3\n\tc0,0-51.5,19.4-106.2,25.7C839.5,97,814.1,95.2,790.5,93.1z\"\/>\n<\/svg>\t\t<\/div>\n\t\t<div class=\"elementor-element elementor-element-ae1598a e-con-full e-flex elementor-invisible e-con e-child\" data-id=\"ae1598a\" data-element_type=\"container\" data-e-type=\"container\" data-settings=\"{&quot;animation&quot;:&quot;fadeInLeft&quot;}\">\n\t\t\t\t<\/div>\n\t\t<div class=\"elementor-element elementor-element-d8fed81 e-con-full elementor-hidden-tablet elementor-hidden-mobile e-flex e-con e-child\" data-id=\"d8fed81\" data-element_type=\"container\" data-e-type=\"container\">\n\t\t\t\t<\/div>\n\t\t\t\t\t<\/div>\n\t\t\t\t<\/div>\n\t\t<div class=\"elementor-element elementor-element-2de8c93 e-flex e-con-boxed e-con e-parent\" data-id=\"2de8c93\" data-element_type=\"container\" data-e-type=\"container\">\n\t\t\t\t\t<div class=\"e-con-inner\">\n\t\t\t\t<div class=\"elementor-element elementor-element-25099d7 elementor-posts__hover-none elementor-grid-3 elementor-grid-tablet-2 elementor-grid-mobile-1 elementor-posts--thumbnail-top elementor-card-shadow-yes elementor-widget elementor-widget-posts\" data-id=\"25099d7\" data-element_type=\"widget\" data-e-type=\"widget\" data-settings=\"{&quot;pagination_type&quot;:&quot;load_more_infinite_scroll&quot;,&quot;cards_columns&quot;:&quot;3&quot;,&quot;cards_columns_tablet&quot;:&quot;2&quot;,&quot;cards_columns_mobile&quot;:&quot;1&quot;,&quot;cards_row_gap&quot;:{&quot;unit&quot;:&quot;px&quot;,&quot;size&quot;:35,&quot;sizes&quot;:[]},&quot;cards_row_gap_tablet&quot;:{&quot;unit&quot;:&quot;px&quot;,&quot;size&quot;:&quot;&quot;,&quot;sizes&quot;:[]},&quot;cards_row_gap_mobile&quot;:{&quot;unit&quot;:&quot;px&quot;,&quot;size&quot;:&quot;&quot;,&quot;sizes&quot;:[]},&quot;load_more_spinner&quot;:{&quot;value&quot;:&quot;fas fa-spinner&quot;,&quot;library&quot;:&quot;fa-solid&quot;}}\" data-widget_type=\"posts.cards\">\n\t\t\t\t<div class=\"elementor-widget-container\">\n\t\t\t\t\t\t\t<div class=\"elementor-posts-container elementor-posts elementor-posts--skin-cards elementor-grid\" role=\"list\">\n\t\t\t\t<article class=\"elementor-post elementor-grid-item post-20942 noticias type-noticias status-publish hentry\" role=\"listitem\">\n\t\t\t<div class=\"elementor-post__card\">\n\t\t\t\t<div class=\"elementor-post__text\">\n\t\t\t\t<h2 class=\"elementor-post__title\">\n\t\t\t<a href=\"https:\/\/www.vosskodobrasil.com.br\/novo\/noticias\/crescimento-e-confianca-marcam-o-momento-da-avicultura-brasileira\/\" >\n\t\t\t\tCrescimento e confian\u00e7a marcam o momento da avicultura brasileira\t\t\t<\/a>\n\t\t<\/h2>\n\t\t\t\t<div class=\"elementor-post__excerpt\">\n\t\t\t<p>As exporta\u00e7\u00f5es brasileiras de carne de frango continuam avan\u00e7ando e refor\u00e7ando o Brasil como l\u00edder global no setor. Em mar\u00e7o, o pa\u00eds registrou crescimento no<\/p>\n\t\t<\/div>\n\t\t\n\t\t<a class=\"elementor-post__read-more\" href=\"https:\/\/www.vosskodobrasil.com.br\/novo\/noticias\/crescimento-e-confianca-marcam-o-momento-da-avicultura-brasileira\/\" aria-label=\"Read more about Crescimento e confian\u00e7a marcam o momento da avicultura brasileira\" tabindex=\"-1\" >\n\t\t\tVer not\u00edcia completa\t\t<\/a>\n\n\t\t\t\t<\/div>\n\t\t\t\t\t<\/div>\n\t\t<\/article>\n\t\t\t\t<article class=\"elementor-post elementor-grid-item post-18190 noticias type-noticias status-publish hentry\" role=\"listitem\">\n\t\t\t<div class=\"elementor-post__card\">\n\t\t\t\t<div class=\"elementor-post__text\">\n\t\t\t\t<h2 class=\"elementor-post__title\">\n\t\t\t<a href=\"https:\/\/www.vosskodobrasil.com.br\/novo\/noticias\/brasil-comeca-o-ano-com-recorde-nas-exportacoes-de-carne-de-frango\/\" >\n\t\t\t\tBrasil come\u00e7a o ano com recorde nas exporta\u00e7\u00f5es de carne de frango\t\t\t<\/a>\n\t\t<\/h2>\n\t\t\t\t<div class=\"elementor-post__excerpt\">\n\t\t\t<p>As exporta\u00e7\u00f5es brasileiras de carne de frango alcan\u00e7aram um novo recorde para o m\u00eas de janeiro, refor\u00e7ando o protagonismo do Brasil no com\u00e9rcio internacional da<\/p>\n\t\t<\/div>\n\t\t\n\t\t<a class=\"elementor-post__read-more\" href=\"https:\/\/www.vosskodobrasil.com.br\/novo\/noticias\/brasil-comeca-o-ano-com-recorde-nas-exportacoes-de-carne-de-frango\/\" aria-label=\"Read more about Brasil come\u00e7a o ano com recorde nas exporta\u00e7\u00f5es de carne de frango\" tabindex=\"-1\" >\n\t\t\tVer not\u00edcia completa\t\t<\/a>\n\n\t\t\t\t<\/div>\n\t\t\t\t\t<\/div>\n\t\t<\/article>\n\t\t\t\t<article class=\"elementor-post elementor-grid-item post-16776 noticias type-noticias status-publish hentry\" role=\"listitem\">\n\t\t\t<div class=\"elementor-post__card\">\n\t\t\t\t<div class=\"elementor-post__text\">\n\t\t\t\t<h2 class=\"elementor-post__title\">\n\t\t\t<a href=\"https:\/\/www.vosskodobrasil.com.br\/novo\/noticias\/brasil-deve-bater-novo-recorde-nas-exportacoes-de-carne-de-frango-em-2026\/\" >\n\t\t\t\tBrasil deve bater novo recorde nas exporta\u00e7\u00f5es de carne de frango em 2026\t\t\t<\/a>\n\t\t<\/h2>\n\t\t\t\t<div class=\"elementor-post__excerpt\">\n\t\t\t<p>As exporta\u00e7\u00f5es brasileiras de carne de frango devem atingir n\u00edveis recordes em 2026, refor\u00e7ando a lideran\u00e7a do pa\u00eds no mercado global da prote\u00edna. Segundo a<\/p>\n\t\t<\/div>\n\t\t\n\t\t<a class=\"elementor-post__read-more\" href=\"https:\/\/www.vosskodobrasil.com.br\/novo\/noticias\/brasil-deve-bater-novo-recorde-nas-exportacoes-de-carne-de-frango-em-2026\/\" aria-label=\"Read more about Brasil deve bater novo recorde nas exporta\u00e7\u00f5es de carne de frango em 2026\" tabindex=\"-1\" >\n\t\t\tVer not\u00edcia completa\t\t<\/a>\n\n\t\t\t\t<\/div>\n\t\t\t\t\t<\/div>\n\t\t<\/article>\n\t\t\t\t<article class=\"elementor-post elementor-grid-item post-15275 noticias type-noticias status-publish hentry\" role=\"listitem\">\n\t\t\t<div class=\"elementor-post__card\">\n\t\t\t\t<div class=\"elementor-post__text\">\n\t\t\t\t<h2 class=\"elementor-post__title\">\n\t\t\t<a href=\"https:\/\/www.vosskodobrasil.com.br\/novo\/noticias\/setor-avicola-fecha-2025-com-desempenho-solido-e-retomada-das-exportacoes\/\" >\n\t\t\t\tSetor av\u00edcola fecha 2025 com desempenho s\u00f3lido e retomada das exporta\u00e7\u00f5es\t\t\t<\/a>\n\t\t<\/h2>\n\t\t\t\t<div class=\"elementor-post__excerpt\">\n\t\t\t<p>A confian\u00e7a dos mercados internacionais e a manuten\u00e7\u00e3o dos principais destinos das exporta\u00e7\u00f5es marcaram o desempenho da avicultura brasileira em 2025. Ao longo do ano,<\/p>\n\t\t<\/div>\n\t\t\n\t\t<a class=\"elementor-post__read-more\" href=\"https:\/\/www.vosskodobrasil.com.br\/novo\/noticias\/setor-avicola-fecha-2025-com-desempenho-solido-e-retomada-das-exportacoes\/\" aria-label=\"Read more about Setor av\u00edcola fecha 2025 com desempenho s\u00f3lido e retomada das exporta\u00e7\u00f5es\" tabindex=\"-1\" >\n\t\t\tVer not\u00edcia completa\t\t<\/a>\n\n\t\t\t\t<\/div>\n\t\t\t\t\t<\/div>\n\t\t<\/article>\n\t\t\t\t<article class=\"elementor-post elementor-grid-item post-14576 noticias type-noticias status-publish hentry\" role=\"listitem\">\n\t\t\t<div class=\"elementor-post__card\">\n\t\t\t\t<div class=\"elementor-post__text\">\n\t\t\t\t<h2 class=\"elementor-post__title\">\n\t\t\t<a href=\"https:\/\/www.vosskodobrasil.com.br\/novo\/noticias\/novembro-crescimento-apresenta-um-aumento-de-631\/\" >\n\t\t\t\tExporta\u00e7\u00f5es de frango mant\u00eam ritmo positivo e apontam novo recorde\t\t\t<\/a>\n\t\t<\/h2>\n\t\t\t\t<div class=\"elementor-post__excerpt\">\n\t\t\t<p>O desempenho das exporta\u00e7\u00f5es brasileiras de carne de frango in natura continua mostrando sinais positivos em dezembro, mesmo com a desacelera\u00e7\u00e3o observada na segunda semana<\/p>\n\t\t<\/div>\n\t\t\n\t\t<a class=\"elementor-post__read-more\" href=\"https:\/\/www.vosskodobrasil.com.br\/novo\/noticias\/novembro-crescimento-apresenta-um-aumento-de-631\/\" aria-label=\"Read more about Exporta\u00e7\u00f5es de frango mant\u00eam ritmo positivo e apontam novo recorde\" tabindex=\"-1\" >\n\t\t\tVer not\u00edcia completa\t\t<\/a>\n\n\t\t\t\t<\/div>\n\t\t\t\t\t<\/div>\n\t\t<\/article>\n\t\t\t\t<article class=\"elementor-post elementor-grid-item post-13419 noticias type-noticias status-publish hentry\" role=\"listitem\">\n\t\t\t<div class=\"elementor-post__card\">\n\t\t\t\t<div class=\"elementor-post__text\">\n\t\t\t\t<h2 class=\"elementor-post__title\">\n\t\t\t<a href=\"https:\/\/www.vosskodobrasil.com.br\/novo\/noticias\/reabertura-do-mercado-chines-impulsiona-projecoes-para-a-avicultura-do-brasil\/\" >\n\t\t\t\tReabertura do mercado chin\u00eas impulsiona proje\u00e7\u00f5es para a avicultura do Brasil\t\t\t<\/a>\n\t\t<\/h2>\n\t\t\t\t<div class=\"elementor-post__excerpt\">\n\t\t\t<p>A Associa\u00e7\u00e3o Brasileira de Prote\u00edna Animal (ABPA) celebrou a decis\u00e3o, classificando-a como um marco essencial para reativar um dos principais mercados da prote\u00edna brasileira. Segundo<\/p>\n\t\t<\/div>\n\t\t\n\t\t<a class=\"elementor-post__read-more\" href=\"https:\/\/www.vosskodobrasil.com.br\/novo\/noticias\/reabertura-do-mercado-chines-impulsiona-projecoes-para-a-avicultura-do-brasil\/\" aria-label=\"Read more about Reabertura do mercado chin\u00eas impulsiona proje\u00e7\u00f5es para a avicultura do Brasil\" tabindex=\"-1\" >\n\t\t\tVer not\u00edcia completa\t\t<\/a>\n\n\t\t\t\t<\/div>\n\t\t\t\t\t<\/div>\n\t\t<\/article>\n\t\t\t\t<\/div>\n\t\t\t\t\t<span class=\"e-load-more-spinner\">\n\t\t\t\t<svg aria-hidden=\"true\" class=\"e-font-icon-svg e-fas-spinner\" viewBox=\"0 0 512 512\" xmlns=\"http:\/\/www.w3.org\/2000\/svg\"><path d=\"M304 48c0 26.51-21.49 48-48 48s-48-21.49-48-48 21.49-48 48-48 48 21.49 48 48zm-48 368c-26.51 0-48 21.49-48 48s21.49 48 48 48 48-21.49 48-48-21.49-48-48-48zm208-208c-26.51 0-48 21.49-48 48s21.49 48 48 48 48-21.49 48-48-21.49-48-48-48zM96 256c0-26.51-21.49-48-48-48S0 229.49 0 256s21.49 48 48 48 48-21.49 48-48zm12.922 99.078c-26.51 0-48 21.49-48 48s21.49 48 48 48 48-21.49 48-48c0-26.509-21.491-48-48-48zm294.156 0c-26.51 0-48 21.49-48 48s21.49 48 48 48 48-21.49 48-48c0-26.509-21.49-48-48-48zM108.922 60.922c-26.51 0-48 21.49-48 48s21.49 48 48 48 48-21.49 48-48-21.491-48-48-48z\"><\/path><\/svg>\t\t\t<\/span>\n\t\t\n\t\t\t\t<div class=\"e-load-more-anchor\" data-page=\"1\" data-max-page=\"5\" data-next-page=\"https:\/\/www.vosskodobrasil.com.br\/novo\/wp-json\/wp\/v2\/pages\/77\/page\/2\/\"><\/div>\n\t\t\t\t<div class=\"e-load-more-message\"><\/div>\n\t\t\t\t\t\t<\/div>\n\t\t\t\t<\/div>\n\t\t\t\t\t<\/div>\n\t\t\t\t<\/div>\n\t\t\t\t<\/div>\n\t\t","protected":false},"excerpt":{"rendered":"","protected":false},"author":2,"featured_media":0,"parent":0,"menu_order":0,"comment_status":"closed","ping_status":"closed","template":"elementor_header_footer","meta":{"_acf_changed":false,"_monsterinsights_skip_tracking":false,"_monsterinsights_sitenote_active":false,"_monsterinsights_sitenote_note":"","_monsterinsights_sitenote_category":0,"footnotes":""},"class_list":["post-77","page","type-page","status-publish","hentry"],"acf":[],"yoast_head":"<!-- This site is optimized with the Yoast SEO plugin v27.4 - https:\/\/yoast.com\/product\/yoast-seo-wordpress\/ -->\n<title>Not\u00edcias - Vossko do Brasil<\/title>\n<meta name=\"robots\" content=\"index, follow, max-snippet:-1, max-image-preview:large, max-video-preview:-1\" \/>\n<link rel=\"canonical\" href=\"https:\/\/www.vosskodobrasil.com.br\/novo\/noticias\/\" \/>\n<meta property=\"og:locale\" content=\"pt_BR\" \/>\n<meta property=\"og:type\" content=\"article\" \/>\n<meta property=\"og:title\" content=\"Not\u00edcias - Vossko do Brasil\" \/>\n<meta property=\"og:url\" content=\"https:\/\/www.vosskodobrasil.com.br\/novo\/noticias\/\" \/>\n<meta property=\"og:site_name\" content=\"Vossko do Brasil\" \/>\n<meta property=\"article:publisher\" content=\"https:\/\/www.facebook.com\/vosskodobrasil\/\" \/>\n<meta property=\"article:modified_time\" content=\"2024-06-28T17:42:35+00:00\" \/>\n<meta name=\"twitter:card\" content=\"summary_large_image\" \/>\n<meta name=\"twitter:label1\" content=\"Est. tempo de leitura\" \/>\n\t<meta name=\"twitter:data1\" content=\"1 minuto\" \/>\n<script type=\"application\/ld+json\" class=\"yoast-schema-graph\">{\"@context\":\"https:\\\/\\\/schema.org\",\"@graph\":[{\"@type\":\"WebPage\",\"@id\":\"https:\\\/\\\/www.vosskodobrasil.com.br\\\/novo\\\/noticias\\\/\",\"url\":\"https:\\\/\\\/www.vosskodobrasil.com.br\\\/novo\\\/noticias\\\/\",\"name\":\"Not\u00edcias - Vossko do Brasil\",\"isPartOf\":{\"@id\":\"https:\\\/\\\/www.vosskodobrasil.com.br\\\/novo\\\/#website\"},\"datePublished\":\"2024-03-11T20:12:38+00:00\",\"dateModified\":\"2024-06-28T17:42:35+00:00\",\"breadcrumb\":{\"@id\":\"https:\\\/\\\/www.vosskodobrasil.com.br\\\/novo\\\/noticias\\\/#breadcrumb\"},\"inLanguage\":\"pt-BR\",\"potentialAction\":[{\"@type\":\"ReadAction\",\"target\":[\"https:\\\/\\\/www.vosskodobrasil.com.br\\\/novo\\\/noticias\\\/\"]}]},{\"@type\":\"BreadcrumbList\",\"@id\":\"https:\\\/\\\/www.vosskodobrasil.com.br\\\/novo\\\/noticias\\\/#breadcrumb\",\"itemListElement\":[{\"@type\":\"ListItem\",\"position\":1,\"name\":\"In\u00edcio\",\"item\":\"https:\\\/\\\/www.vosskodobrasil.com.br\\\/novo\\\/\"},{\"@type\":\"ListItem\",\"position\":2,\"name\":\"Not\u00edcias\"}]},{\"@type\":\"WebSite\",\"@id\":\"https:\\\/\\\/www.vosskodobrasil.com.br\\\/novo\\\/#website\",\"url\":\"https:\\\/\\\/www.vosskodobrasil.com.br\\\/novo\\\/\",\"name\":\"Vossko do Brasil\",\"description\":\"Somos especialistas em produtos congelados\",\"publisher\":{\"@id\":\"https:\\\/\\\/www.vosskodobrasil.com.br\\\/novo\\\/#organization\"},\"potentialAction\":[{\"@type\":\"SearchAction\",\"target\":{\"@type\":\"EntryPoint\",\"urlTemplate\":\"https:\\\/\\\/www.vosskodobrasil.com.br\\\/novo\\\/?s={search_term_string}\"},\"query-input\":{\"@type\":\"PropertyValueSpecification\",\"valueRequired\":true,\"valueName\":\"search_term_string\"}}],\"inLanguage\":\"pt-BR\"},{\"@type\":\"Organization\",\"@id\":\"https:\\\/\\\/www.vosskodobrasil.com.br\\\/novo\\\/#organization\",\"name\":\"Vossko do Brasil\",\"url\":\"https:\\\/\\\/www.vosskodobrasil.com.br\\\/novo\\\/\",\"logo\":{\"@type\":\"ImageObject\",\"inLanguage\":\"pt-BR\",\"@id\":\"https:\\\/\\\/www.vosskodobrasil.com.br\\\/novo\\\/#\\\/schema\\\/logo\\\/image\\\/\",\"url\":\"https:\\\/\\\/www.vosskodobrasil.com.br\\\/novo\\\/wp-content\\\/uploads\\\/2024\\\/02\\\/vossko-logo.webp\",\"contentUrl\":\"https:\\\/\\\/www.vosskodobrasil.com.br\\\/novo\\\/wp-content\\\/uploads\\\/2024\\\/02\\\/vossko-logo.webp\",\"width\":800,\"height\":443,\"caption\":\"Vossko do Brasil\"},\"image\":{\"@id\":\"https:\\\/\\\/www.vosskodobrasil.com.br\\\/novo\\\/#\\\/schema\\\/logo\\\/image\\\/\"},\"sameAs\":[\"https:\\\/\\\/www.facebook.com\\\/vosskodobrasil\\\/\",\"https:\\\/\\\/www.instagram.com\\\/vosskodobrasil\\\/\",\"https:\\\/\\\/www.linkedin.com\\\/company\\\/vosskodobrasil\\\/\"]}]}<\/script>\n<!-- \/ Yoast SEO plugin. -->","yoast_head_json":{"title":"Not\u00edcias - Vossko do Brasil","robots":{"index":"index","follow":"follow","max-snippet":"max-snippet:-1","max-image-preview":"max-image-preview:large","max-video-preview":"max-video-preview:-1"},"canonical":"https:\/\/www.vosskodobrasil.com.br\/novo\/noticias\/","og_locale":"pt_BR","og_type":"article","og_title":"Not\u00edcias - Vossko do Brasil","og_url":"https:\/\/www.vosskodobrasil.com.br\/novo\/noticias\/","og_site_name":"Vossko do Brasil","article_publisher":"https:\/\/www.facebook.com\/vosskodobrasil\/","article_modified_time":"2024-06-28T17:42:35+00:00","twitter_card":"summary_large_image","twitter_misc":{"Est. tempo de leitura":"1 minuto"},"schema":{"@context":"https:\/\/schema.org","@graph":[{"@type":"WebPage","@id":"https:\/\/www.vosskodobrasil.com.br\/novo\/noticias\/","url":"https:\/\/www.vosskodobrasil.com.br\/novo\/noticias\/","name":"Not\u00edcias - Vossko do Brasil","isPartOf":{"@id":"https:\/\/www.vosskodobrasil.com.br\/novo\/#website"},"datePublished":"2024-03-11T20:12:38+00:00","dateModified":"2024-06-28T17:42:35+00:00","breadcrumb":{"@id":"https:\/\/www.vosskodobrasil.com.br\/novo\/noticias\/#breadcrumb"},"inLanguage":"pt-BR","potentialAction":[{"@type":"ReadAction","target":["https:\/\/www.vosskodobrasil.com.br\/novo\/noticias\/"]}]},{"@type":"BreadcrumbList","@id":"https:\/\/www.vosskodobrasil.com.br\/novo\/noticias\/#breadcrumb","itemListElement":[{"@type":"ListItem","position":1,"name":"In\u00edcio","item":"https:\/\/www.vosskodobrasil.com.br\/novo\/"},{"@type":"ListItem","position":2,"name":"Not\u00edcias"}]},{"@type":"WebSite","@id":"https:\/\/www.vosskodobrasil.com.br\/novo\/#website","url":"https:\/\/www.vosskodobrasil.com.br\/novo\/","name":"Vossko do Brasil","description":"Somos especialistas em produtos congelados","publisher":{"@id":"https:\/\/www.vosskodobrasil.com.br\/novo\/#organization"},"potentialAction":[{"@type":"SearchAction","target":{"@type":"EntryPoint","urlTemplate":"https:\/\/www.vosskodobrasil.com.br\/novo\/?s={search_term_string}"},"query-input":{"@type":"PropertyValueSpecification","valueRequired":true,"valueName":"search_term_string"}}],"inLanguage":"pt-BR"},{"@type":"Organization","@id":"https:\/\/www.vosskodobrasil.com.br\/novo\/#organization","name":"Vossko do Brasil","url":"https:\/\/www.vosskodobrasil.com.br\/novo\/","logo":{"@type":"ImageObject","inLanguage":"pt-BR","@id":"https:\/\/www.vosskodobrasil.com.br\/novo\/#\/schema\/logo\/image\/","url":"https:\/\/www.vosskodobrasil.com.br\/novo\/wp-content\/uploads\/2024\/02\/vossko-logo.webp","contentUrl":"https:\/\/www.vosskodobrasil.com.br\/novo\/wp-content\/uploads\/2024\/02\/vossko-logo.webp","width":800,"height":443,"caption":"Vossko do Brasil"},"image":{"@id":"https:\/\/www.vosskodobrasil.com.br\/novo\/#\/schema\/logo\/image\/"},"sameAs":["https:\/\/www.facebook.com\/vosskodobrasil\/","https:\/\/www.instagram.com\/vosskodobrasil\/","https:\/\/www.linkedin.com\/company\/vosskodobrasil\/"]}]}},"_links":{"self":[{"href":"https:\/\/www.vosskodobrasil.com.br\/novo\/wp-json\/wp\/v2\/pages\/77","targetHints":{"allow":["GET"]}}],"collection":[{"href":"https:\/\/www.vosskodobrasil.com.br\/novo\/wp-json\/wp\/v2\/pages"}],"about":[{"href":"https:\/\/www.vosskodobrasil.com.br\/novo\/wp-json\/wp\/v2\/types\/page"}],"author":[{"embeddable":true,"href":"https:\/\/www.vosskodobrasil.com.br\/novo\/wp-json\/wp\/v2\/users\/2"}],"replies":[{"embeddable":true,"href":"https:\/\/www.vosskodobrasil.com.br\/novo\/wp-json\/wp\/v2\/comments?post=77"}],"version-history":[{"count":59,"href":"https:\/\/www.vosskodobrasil.com.br\/novo\/wp-json\/wp\/v2\/pages\/77\/revisions"}],"predecessor-version":[{"id":1486,"href":"https:\/\/www.vosskodobrasil.com.br\/novo\/wp-json\/wp\/v2\/pages\/77\/revisions\/1486"}],"wp:attachment":[{"href":"https:\/\/www.vosskodobrasil.com.br\/novo\/wp-json\/wp\/v2\/media?parent=77"}],"curies":[{"name":"wp","href":"https:\/\/api.w.org\/{rel}","templated":true}]}}