{"id":63,"date":"2024-03-11T17:10:57","date_gmt":"2024-03-11T20:10:57","guid":{"rendered":"https:\/\/vosskodobrasil.com.br\/novo\/?page_id=63"},"modified":"2024-05-15T22:04:27","modified_gmt":"2024-05-16T01:04:27","slug":"diversidade-e-inclusao-de-pessoas-com-deficiencia","status":"publish","type":"page","link":"https:\/\/www.vosskodobrasil.com.br\/novo\/diversidade-e-inclusao-de-pessoas-com-deficiencia\/","title":{"rendered":"Diversidade e inclus\u00e3o de pessoas com defici\u00eancia"},"content":{"rendered":"\t\t<div data-elementor-type=\"wp-page\" data-elementor-id=\"63\" class=\"elementor elementor-63\" data-elementor-post-type=\"page\">\n\t\t\t\t<div class=\"elementor-element elementor-element-6a1493e e-flex e-con-boxed e-con e-parent\" data-id=\"6a1493e\" data-element_type=\"container\" data-e-type=\"container\" data-settings=\"{&quot;background_background&quot;:&quot;gradient&quot;,&quot;shape_divider_bottom&quot;:&quot;waves&quot;,&quot;shape_divider_bottom_negative&quot;:&quot;yes&quot;}\">\n\t\t\t\t\t<div class=\"e-con-inner\">\n\t\t\t\t<div class=\"elementor-shape elementor-shape-bottom\" aria-hidden=\"true\" data-negative=\"true\">\n\t\t\t<svg xmlns=\"http:\/\/www.w3.org\/2000\/svg\" viewBox=\"0 0 1000 100\" preserveAspectRatio=\"none\">\n\t<path class=\"elementor-shape-fill\" d=\"M790.5,93.1c-59.3-5.3-116.8-18-192.6-50c-29.6-12.7-76.9-31-100.5-35.9c-23.6-4.9-52.6-7.8-75.5-5.3\n\tc-10.2,1.1-22.6,1.4-50.1,7.4c-27.2,6.3-58.2,16.6-79.4,24.7c-41.3,15.9-94.9,21.9-134,22.6C72,58.2,0,25.8,0,25.8V100h1000V65.3\n\tc0,0-51.5,19.4-106.2,25.7C839.5,97,814.1,95.2,790.5,93.1z\"\/>\n<\/svg>\t\t<\/div>\n\t\t<div class=\"elementor-element elementor-element-ac86d08 e-con-full e-flex elementor-invisible e-con e-child\" data-id=\"ac86d08\" data-element_type=\"container\" data-e-type=\"container\" data-settings=\"{&quot;animation&quot;:&quot;fadeInLeft&quot;}\">\n\t\t\t\t<\/div>\n\t\t<div class=\"elementor-element elementor-element-aead2bf e-con-full elementor-hidden-tablet elementor-hidden-mobile e-flex e-con e-child\" data-id=\"aead2bf\" data-element_type=\"container\" data-e-type=\"container\">\n\t\t\t\t<\/div>\n\t\t\t\t\t<\/div>\n\t\t\t\t<\/div>\n\t\t<div class=\"elementor-element elementor-element-b0f245a e-flex e-con-boxed e-con e-parent\" data-id=\"b0f245a\" data-element_type=\"container\" data-e-type=\"container\">\n\t\t\t\t\t<div class=\"e-con-inner\">\n\t\t<div class=\"elementor-element elementor-element-ee2f250 e-con-full e-flex elementor-invisible e-con e-child\" data-id=\"ee2f250\" data-element_type=\"container\" data-e-type=\"container\" data-settings=\"{&quot;animation&quot;:&quot;fadeInLeft&quot;}\">\n\t\t\t\t<div class=\"elementor-element elementor-element-c951b72 elementor-widget elementor-widget-image\" data-id=\"c951b72\" data-element_type=\"widget\" data-e-type=\"widget\" data-widget_type=\"image.default\">\n\t\t\t\t<div class=\"elementor-widget-container\">\n\t\t\t\t\t\t\t\t\t\t\t\t\t\t\t<img fetchpriority=\"high\" decoding=\"async\" width=\"800\" height=\"534\" src=\"https:\/\/www.vosskodobrasil.com.br\/novo\/wp-content\/uploads\/2024\/03\/2149571104.jpg\" class=\"attachment-large size-large wp-image-391\" alt=\"\" srcset=\"https:\/\/www.vosskodobrasil.com.br\/novo\/wp-content\/uploads\/2024\/03\/2149571104.jpg 1000w, https:\/\/www.vosskodobrasil.com.br\/novo\/wp-content\/uploads\/2024\/03\/2149571104-300x200.jpg 300w, https:\/\/www.vosskodobrasil.com.br\/novo\/wp-content\/uploads\/2024\/03\/2149571104-768x512.jpg 768w\" sizes=\"(max-width: 800px) 100vw, 800px\" \/>\t\t\t\t\t\t\t\t\t\t\t\t\t\t\t<\/div>\n\t\t\t\t<\/div>\n\t\t\t\t<\/div>\n\t\t<div class=\"elementor-element elementor-element-b2268b2 e-con-full e-flex elementor-invisible e-con e-child\" data-id=\"b2268b2\" data-element_type=\"container\" data-e-type=\"container\" data-settings=\"{&quot;animation&quot;:&quot;fadeInRight&quot;}\">\n\t\t\t\t<div class=\"elementor-element elementor-element-794d860 elementor-widget elementor-widget-text-editor\" data-id=\"794d860\" data-element_type=\"widget\" data-e-type=\"widget\" data-widget_type=\"text-editor.default\">\n\t\t\t\t<div class=\"elementor-widget-container\">\n\t\t\t\t\t\t\t\t\t<p>A Vossko do Brasil acredita que mentes que pensam diferente e trocam experi\u00eancias em um ambiente de trabalho saud\u00e1vel e motivador transformam o neg\u00f3cio e d\u00e3o um novo significado \u00e0 empresa. Pensando nisso desenvolveu a Pol\u00edtica de Diversidade.<\/p>\t\t\t\t\t\t\t\t<\/div>\n\t\t\t\t<\/div>\n\t\t\t\t<div class=\"elementor-element elementor-element-c6b7341 elementor-widget elementor-widget-text-editor\" data-id=\"c6b7341\" data-element_type=\"widget\" data-e-type=\"widget\" data-widget_type=\"text-editor.default\">\n\t\t\t\t<div class=\"elementor-widget-container\">\n\t\t\t\t\t\t\t\t\t<p>Como pilares centrais da Pol\u00edtica de Diversidade, est\u00e3o a cria\u00e7\u00e3o de um ambiente de trabalho seguro e inclusivo, que promova a dignidade e respeito, e que possibilite a todos o alcance de seu potencial.<\/p>\t\t\t\t\t\t\t\t<\/div>\n\t\t\t\t<\/div>\n\t\t\t\t<div class=\"elementor-element elementor-element-f13fe49 elementor-widget elementor-widget-text-editor\" data-id=\"f13fe49\" data-element_type=\"widget\" data-e-type=\"widget\" data-widget_type=\"text-editor.default\">\n\t\t\t\t<div class=\"elementor-widget-container\">\n\t\t\t\t\t\t\t\t\t<p>Ademais, com foco na inclus\u00e3o de pessoas com defici\u00eancia, a Vossko do Brasil desenvolveu sua pol\u00edtica com o objetivo de assegurar a inclus\u00e3o social, garantia de direitos e o exerc\u00edcio da cidadania.<\/p>\t\t\t\t\t\t\t\t<\/div>\n\t\t\t\t<\/div>\n\t\t\t\t<div class=\"elementor-element elementor-element-20e369d elementor-widget elementor-widget-text-editor\" data-id=\"20e369d\" data-element_type=\"widget\" data-e-type=\"widget\" data-widget_type=\"text-editor.default\">\n\t\t\t\t<div class=\"elementor-widget-container\">\n\t\t\t\t\t\t\t\t\t* O conte\u00fado completo est\u00e1 registrado internamente e ser\u00e1 disponibilizado aos interessados, de acordo com avalia\u00e7\u00e3o da empresa.\t\t\t\t\t\t\t\t<\/div>\n\t\t\t\t<\/div>\n\t\t\t\t<\/div>\n\t\t\t\t\t<\/div>\n\t\t\t\t<\/div>\n\t\t\t\t<\/div>\n\t\t","protected":false},"excerpt":{"rendered":"<p>A Vossko do Brasil acredita que mentes que pensam diferente e trocam experi\u00eancias em um ambiente de trabalho saud\u00e1vel e motivador transformam o neg\u00f3cio e d\u00e3o um novo significado \u00e0 empresa. Pensando nisso desenvolveu a Pol\u00edtica de Diversidade. Como pilares centrais da Pol\u00edtica de Diversidade, est\u00e3o a cria\u00e7\u00e3o de um ambiente de trabalho seguro e [&hellip;]<\/p>\n","protected":false},"author":2,"featured_media":0,"parent":0,"menu_order":0,"comment_status":"closed","ping_status":"closed","template":"elementor_header_footer","meta":{"_acf_changed":false,"_monsterinsights_skip_tracking":false,"_monsterinsights_sitenote_active":false,"_monsterinsights_sitenote_note":"","_monsterinsights_sitenote_category":0,"footnotes":""},"class_list":["post-63","page","type-page","status-publish","hentry"],"acf":[],"yoast_head":"<!-- This site is optimized with the Yoast SEO plugin v27.4 - https:\/\/yoast.com\/product\/yoast-seo-wordpress\/ -->\n<title>Diversidade e inclus\u00e3o de pessoas com defici\u00eancia - Vossko do Brasil<\/title>\n<meta name=\"robots\" content=\"index, follow, max-snippet:-1, max-image-preview:large, max-video-preview:-1\" \/>\n<link rel=\"canonical\" href=\"https:\/\/www.vosskodobrasil.com.br\/novo\/diversidade-e-inclusao-de-pessoas-com-deficiencia\/\" \/>\n<meta property=\"og:locale\" content=\"pt_BR\" \/>\n<meta property=\"og:type\" content=\"article\" \/>\n<meta property=\"og:title\" content=\"Diversidade e inclus\u00e3o de pessoas com defici\u00eancia - Vossko do Brasil\" \/>\n<meta property=\"og:description\" content=\"A Vossko do Brasil acredita que mentes que pensam diferente e trocam experi\u00eancias em um ambiente de trabalho saud\u00e1vel e motivador transformam o neg\u00f3cio e d\u00e3o um novo significado \u00e0 empresa. Pensando nisso desenvolveu a Pol\u00edtica de Diversidade. Como pilares centrais da Pol\u00edtica de Diversidade, est\u00e3o a cria\u00e7\u00e3o de um ambiente de trabalho seguro e [&hellip;]\" \/>\n<meta property=\"og:url\" content=\"https:\/\/www.vosskodobrasil.com.br\/novo\/diversidade-e-inclusao-de-pessoas-com-deficiencia\/\" \/>\n<meta property=\"og:site_name\" content=\"Vossko do Brasil\" \/>\n<meta property=\"article:publisher\" content=\"https:\/\/www.facebook.com\/vosskodobrasil\/\" \/>\n<meta property=\"article:modified_time\" content=\"2024-05-16T01:04:27+00:00\" \/>\n<meta property=\"og:image\" content=\"https:\/\/vosskodobrasil.com.br\/novo\/wp-content\/uploads\/2024\/03\/2149571104.jpg\" \/>\n<meta name=\"twitter:card\" content=\"summary_large_image\" \/>\n<meta name=\"twitter:label1\" content=\"Est. tempo de leitura\" \/>\n\t<meta name=\"twitter:data1\" content=\"1 minuto\" \/>\n<script type=\"application\/ld+json\" class=\"yoast-schema-graph\">{\"@context\":\"https:\\\/\\\/schema.org\",\"@graph\":[{\"@type\":\"WebPage\",\"@id\":\"https:\\\/\\\/www.vosskodobrasil.com.br\\\/novo\\\/diversidade-e-inclusao-de-pessoas-com-deficiencia\\\/\",\"url\":\"https:\\\/\\\/www.vosskodobrasil.com.br\\\/novo\\\/diversidade-e-inclusao-de-pessoas-com-deficiencia\\\/\",\"name\":\"Diversidade e inclus\u00e3o de pessoas com defici\u00eancia - Vossko do Brasil\",\"isPartOf\":{\"@id\":\"https:\\\/\\\/www.vosskodobrasil.com.br\\\/novo\\\/#website\"},\"primaryImageOfPage\":{\"@id\":\"https:\\\/\\\/www.vosskodobrasil.com.br\\\/novo\\\/diversidade-e-inclusao-de-pessoas-com-deficiencia\\\/#primaryimage\"},\"image\":{\"@id\":\"https:\\\/\\\/www.vosskodobrasil.com.br\\\/novo\\\/diversidade-e-inclusao-de-pessoas-com-deficiencia\\\/#primaryimage\"},\"thumbnailUrl\":\"https:\\\/\\\/vosskodobrasil.com.br\\\/novo\\\/wp-content\\\/uploads\\\/2024\\\/03\\\/2149571104.jpg\",\"datePublished\":\"2024-03-11T20:10:57+00:00\",\"dateModified\":\"2024-05-16T01:04:27+00:00\",\"breadcrumb\":{\"@id\":\"https:\\\/\\\/www.vosskodobrasil.com.br\\\/novo\\\/diversidade-e-inclusao-de-pessoas-com-deficiencia\\\/#breadcrumb\"},\"inLanguage\":\"pt-BR\",\"potentialAction\":[{\"@type\":\"ReadAction\",\"target\":[\"https:\\\/\\\/www.vosskodobrasil.com.br\\\/novo\\\/diversidade-e-inclusao-de-pessoas-com-deficiencia\\\/\"]}]},{\"@type\":\"ImageObject\",\"inLanguage\":\"pt-BR\",\"@id\":\"https:\\\/\\\/www.vosskodobrasil.com.br\\\/novo\\\/diversidade-e-inclusao-de-pessoas-com-deficiencia\\\/#primaryimage\",\"url\":\"https:\\\/\\\/vosskodobrasil.com.br\\\/novo\\\/wp-content\\\/uploads\\\/2024\\\/03\\\/2149571104.jpg\",\"contentUrl\":\"https:\\\/\\\/vosskodobrasil.com.br\\\/novo\\\/wp-content\\\/uploads\\\/2024\\\/03\\\/2149571104.jpg\"},{\"@type\":\"BreadcrumbList\",\"@id\":\"https:\\\/\\\/www.vosskodobrasil.com.br\\\/novo\\\/diversidade-e-inclusao-de-pessoas-com-deficiencia\\\/#breadcrumb\",\"itemListElement\":[{\"@type\":\"ListItem\",\"position\":1,\"name\":\"In\u00edcio\",\"item\":\"https:\\\/\\\/www.vosskodobrasil.com.br\\\/novo\\\/\"},{\"@type\":\"ListItem\",\"position\":2,\"name\":\"Diversidade e inclus\u00e3o de pessoas com defici\u00eancia\"}]},{\"@type\":\"WebSite\",\"@id\":\"https:\\\/\\\/www.vosskodobrasil.com.br\\\/novo\\\/#website\",\"url\":\"https:\\\/\\\/www.vosskodobrasil.com.br\\\/novo\\\/\",\"name\":\"Vossko do Brasil\",\"description\":\"Somos especialistas em produtos congelados\",\"publisher\":{\"@id\":\"https:\\\/\\\/www.vosskodobrasil.com.br\\\/novo\\\/#organization\"},\"potentialAction\":[{\"@type\":\"SearchAction\",\"target\":{\"@type\":\"EntryPoint\",\"urlTemplate\":\"https:\\\/\\\/www.vosskodobrasil.com.br\\\/novo\\\/?s={search_term_string}\"},\"query-input\":{\"@type\":\"PropertyValueSpecification\",\"valueRequired\":true,\"valueName\":\"search_term_string\"}}],\"inLanguage\":\"pt-BR\"},{\"@type\":\"Organization\",\"@id\":\"https:\\\/\\\/www.vosskodobrasil.com.br\\\/novo\\\/#organization\",\"name\":\"Vossko do Brasil\",\"url\":\"https:\\\/\\\/www.vosskodobrasil.com.br\\\/novo\\\/\",\"logo\":{\"@type\":\"ImageObject\",\"inLanguage\":\"pt-BR\",\"@id\":\"https:\\\/\\\/www.vosskodobrasil.com.br\\\/novo\\\/#\\\/schema\\\/logo\\\/image\\\/\",\"url\":\"https:\\\/\\\/www.vosskodobrasil.com.br\\\/novo\\\/wp-content\\\/uploads\\\/2024\\\/02\\\/vossko-logo.webp\",\"contentUrl\":\"https:\\\/\\\/www.vosskodobrasil.com.br\\\/novo\\\/wp-content\\\/uploads\\\/2024\\\/02\\\/vossko-logo.webp\",\"width\":800,\"height\":443,\"caption\":\"Vossko do Brasil\"},\"image\":{\"@id\":\"https:\\\/\\\/www.vosskodobrasil.com.br\\\/novo\\\/#\\\/schema\\\/logo\\\/image\\\/\"},\"sameAs\":[\"https:\\\/\\\/www.facebook.com\\\/vosskodobrasil\\\/\",\"https:\\\/\\\/www.instagram.com\\\/vosskodobrasil\\\/\",\"https:\\\/\\\/www.linkedin.com\\\/company\\\/vosskodobrasil\\\/\"]}]}<\/script>\n<!-- \/ Yoast SEO plugin. -->","yoast_head_json":{"title":"Diversidade e inclus\u00e3o de pessoas com defici\u00eancia - Vossko do Brasil","robots":{"index":"index","follow":"follow","max-snippet":"max-snippet:-1","max-image-preview":"max-image-preview:large","max-video-preview":"max-video-preview:-1"},"canonical":"https:\/\/www.vosskodobrasil.com.br\/novo\/diversidade-e-inclusao-de-pessoas-com-deficiencia\/","og_locale":"pt_BR","og_type":"article","og_title":"Diversidade e inclus\u00e3o de pessoas com defici\u00eancia - Vossko do Brasil","og_description":"A Vossko do Brasil acredita que mentes que pensam diferente e trocam experi\u00eancias em um ambiente de trabalho saud\u00e1vel e motivador transformam o neg\u00f3cio e d\u00e3o um novo significado \u00e0 empresa. Pensando nisso desenvolveu a Pol\u00edtica de Diversidade. Como pilares centrais da Pol\u00edtica de Diversidade, est\u00e3o a cria\u00e7\u00e3o de um ambiente de trabalho seguro e [&hellip;]","og_url":"https:\/\/www.vosskodobrasil.com.br\/novo\/diversidade-e-inclusao-de-pessoas-com-deficiencia\/","og_site_name":"Vossko do Brasil","article_publisher":"https:\/\/www.facebook.com\/vosskodobrasil\/","article_modified_time":"2024-05-16T01:04:27+00:00","og_image":[{"url":"https:\/\/vosskodobrasil.com.br\/novo\/wp-content\/uploads\/2024\/03\/2149571104.jpg","type":"","width":"","height":""}],"twitter_card":"summary_large_image","twitter_misc":{"Est. tempo de leitura":"1 minuto"},"schema":{"@context":"https:\/\/schema.org","@graph":[{"@type":"WebPage","@id":"https:\/\/www.vosskodobrasil.com.br\/novo\/diversidade-e-inclusao-de-pessoas-com-deficiencia\/","url":"https:\/\/www.vosskodobrasil.com.br\/novo\/diversidade-e-inclusao-de-pessoas-com-deficiencia\/","name":"Diversidade e inclus\u00e3o de pessoas com defici\u00eancia - Vossko do Brasil","isPartOf":{"@id":"https:\/\/www.vosskodobrasil.com.br\/novo\/#website"},"primaryImageOfPage":{"@id":"https:\/\/www.vosskodobrasil.com.br\/novo\/diversidade-e-inclusao-de-pessoas-com-deficiencia\/#primaryimage"},"image":{"@id":"https:\/\/www.vosskodobrasil.com.br\/novo\/diversidade-e-inclusao-de-pessoas-com-deficiencia\/#primaryimage"},"thumbnailUrl":"https:\/\/vosskodobrasil.com.br\/novo\/wp-content\/uploads\/2024\/03\/2149571104.jpg","datePublished":"2024-03-11T20:10:57+00:00","dateModified":"2024-05-16T01:04:27+00:00","breadcrumb":{"@id":"https:\/\/www.vosskodobrasil.com.br\/novo\/diversidade-e-inclusao-de-pessoas-com-deficiencia\/#breadcrumb"},"inLanguage":"pt-BR","potentialAction":[{"@type":"ReadAction","target":["https:\/\/www.vosskodobrasil.com.br\/novo\/diversidade-e-inclusao-de-pessoas-com-deficiencia\/"]}]},{"@type":"ImageObject","inLanguage":"pt-BR","@id":"https:\/\/www.vosskodobrasil.com.br\/novo\/diversidade-e-inclusao-de-pessoas-com-deficiencia\/#primaryimage","url":"https:\/\/vosskodobrasil.com.br\/novo\/wp-content\/uploads\/2024\/03\/2149571104.jpg","contentUrl":"https:\/\/vosskodobrasil.com.br\/novo\/wp-content\/uploads\/2024\/03\/2149571104.jpg"},{"@type":"BreadcrumbList","@id":"https:\/\/www.vosskodobrasil.com.br\/novo\/diversidade-e-inclusao-de-pessoas-com-deficiencia\/#breadcrumb","itemListElement":[{"@type":"ListItem","position":1,"name":"In\u00edcio","item":"https:\/\/www.vosskodobrasil.com.br\/novo\/"},{"@type":"ListItem","position":2,"name":"Diversidade e inclus\u00e3o de pessoas com defici\u00eancia"}]},{"@type":"WebSite","@id":"https:\/\/www.vosskodobrasil.com.br\/novo\/#website","url":"https:\/\/www.vosskodobrasil.com.br\/novo\/","name":"Vossko do Brasil","description":"Somos especialistas em produtos congelados","publisher":{"@id":"https:\/\/www.vosskodobrasil.com.br\/novo\/#organization"},"potentialAction":[{"@type":"SearchAction","target":{"@type":"EntryPoint","urlTemplate":"https:\/\/www.vosskodobrasil.com.br\/novo\/?s={search_term_string}"},"query-input":{"@type":"PropertyValueSpecification","valueRequired":true,"valueName":"search_term_string"}}],"inLanguage":"pt-BR"},{"@type":"Organization","@id":"https:\/\/www.vosskodobrasil.com.br\/novo\/#organization","name":"Vossko do Brasil","url":"https:\/\/www.vosskodobrasil.com.br\/novo\/","logo":{"@type":"ImageObject","inLanguage":"pt-BR","@id":"https:\/\/www.vosskodobrasil.com.br\/novo\/#\/schema\/logo\/image\/","url":"https:\/\/www.vosskodobrasil.com.br\/novo\/wp-content\/uploads\/2024\/02\/vossko-logo.webp","contentUrl":"https:\/\/www.vosskodobrasil.com.br\/novo\/wp-content\/uploads\/2024\/02\/vossko-logo.webp","width":800,"height":443,"caption":"Vossko do Brasil"},"image":{"@id":"https:\/\/www.vosskodobrasil.com.br\/novo\/#\/schema\/logo\/image\/"},"sameAs":["https:\/\/www.facebook.com\/vosskodobrasil\/","https:\/\/www.instagram.com\/vosskodobrasil\/","https:\/\/www.linkedin.com\/company\/vosskodobrasil\/"]}]}},"_links":{"self":[{"href":"https:\/\/www.vosskodobrasil.com.br\/novo\/wp-json\/wp\/v2\/pages\/63","targetHints":{"allow":["GET"]}}],"collection":[{"href":"https:\/\/www.vosskodobrasil.com.br\/novo\/wp-json\/wp\/v2\/pages"}],"about":[{"href":"https:\/\/www.vosskodobrasil.com.br\/novo\/wp-json\/wp\/v2\/types\/page"}],"author":[{"embeddable":true,"href":"https:\/\/www.vosskodobrasil.com.br\/novo\/wp-json\/wp\/v2\/users\/2"}],"replies":[{"embeddable":true,"href":"https:\/\/www.vosskodobrasil.com.br\/novo\/wp-json\/wp\/v2\/comments?post=63"}],"version-history":[{"count":8,"href":"https:\/\/www.vosskodobrasil.com.br\/novo\/wp-json\/wp\/v2\/pages\/63\/revisions"}],"predecessor-version":[{"id":1009,"href":"https:\/\/www.vosskodobrasil.com.br\/novo\/wp-json\/wp\/v2\/pages\/63\/revisions\/1009"}],"wp:attachment":[{"href":"https:\/\/www.vosskodobrasil.com.br\/novo\/wp-json\/wp\/v2\/media?parent=63"}],"curies":[{"name":"wp","href":"https:\/\/api.w.org\/{rel}","templated":true}]}}