{"id":57,"date":"2024-03-11T17:10:18","date_gmt":"2024-03-11T20:10:18","guid":{"rendered":"https:\/\/vosskodobrasil.com.br\/novo\/?page_id=57"},"modified":"2024-07-24T09:05:38","modified_gmt":"2024-07-24T12:05:38","slug":"codigo-conduta-fornecedor","status":"publish","type":"page","link":"https:\/\/www.vosskodobrasil.com.br\/novo\/codigo-conduta-fornecedor\/","title":{"rendered":"C\u00f3digo de Conduta do Fornecedor"},"content":{"rendered":"\t\t<div data-elementor-type=\"wp-page\" data-elementor-id=\"57\" class=\"elementor elementor-57\" data-elementor-post-type=\"page\">\n\t\t\t\t<div class=\"elementor-element elementor-element-8b15bf0 e-flex e-con-boxed e-con e-parent\" data-id=\"8b15bf0\" data-element_type=\"container\" data-e-type=\"container\" data-settings=\"{&quot;background_background&quot;:&quot;gradient&quot;,&quot;shape_divider_bottom&quot;:&quot;waves&quot;,&quot;shape_divider_bottom_negative&quot;:&quot;yes&quot;}\">\n\t\t\t\t\t<div class=\"e-con-inner\">\n\t\t\t\t<div class=\"elementor-shape elementor-shape-bottom\" aria-hidden=\"true\" data-negative=\"true\">\n\t\t\t<svg xmlns=\"http:\/\/www.w3.org\/2000\/svg\" viewBox=\"0 0 1000 100\" preserveAspectRatio=\"none\">\n\t<path class=\"elementor-shape-fill\" d=\"M790.5,93.1c-59.3-5.3-116.8-18-192.6-50c-29.6-12.7-76.9-31-100.5-35.9c-23.6-4.9-52.6-7.8-75.5-5.3\n\tc-10.2,1.1-22.6,1.4-50.1,7.4c-27.2,6.3-58.2,16.6-79.4,24.7c-41.3,15.9-94.9,21.9-134,22.6C72,58.2,0,25.8,0,25.8V100h1000V65.3\n\tc0,0-51.5,19.4-106.2,25.7C839.5,97,814.1,95.2,790.5,93.1z\"\/>\n<\/svg>\t\t<\/div>\n\t\t<div class=\"elementor-element elementor-element-dcf0ee4 e-con-full e-flex elementor-invisible e-con e-child\" data-id=\"dcf0ee4\" data-element_type=\"container\" data-e-type=\"container\" data-settings=\"{&quot;animation&quot;:&quot;fadeInLeft&quot;}\">\n\t\t\t\t<\/div>\n\t\t<div class=\"elementor-element elementor-element-26f9238 e-con-full elementor-hidden-tablet elementor-hidden-mobile e-flex e-con e-child\" data-id=\"26f9238\" data-element_type=\"container\" data-e-type=\"container\">\n\t\t\t\t<\/div>\n\t\t\t\t\t<\/div>\n\t\t\t\t<\/div>\n\t\t<div class=\"elementor-element elementor-element-d653674 e-flex e-con-boxed e-con e-parent\" data-id=\"d653674\" data-element_type=\"container\" data-e-type=\"container\">\n\t\t\t\t\t<div class=\"e-con-inner\">\n\t\t<div class=\"elementor-element elementor-element-49477ca e-con-full e-flex elementor-invisible e-con e-child\" data-id=\"49477ca\" data-element_type=\"container\" data-e-type=\"container\" data-settings=\"{&quot;animation&quot;:&quot;fadeInLeft&quot;}\">\n\t\t\t\t<div class=\"elementor-element elementor-element-046e4d4 elementor-widget elementor-widget-text-editor\" data-id=\"046e4d4\" data-element_type=\"widget\" data-e-type=\"widget\" data-widget_type=\"text-editor.default\">\n\t\t\t\t<div class=\"elementor-widget-container\">\n\t\t\t\t\t\t\t\t\t<p>Esse C\u00f3digo de Conduta do Fornecedor foi elaborado com base nos princ\u00edpios e valores da Vossko do Brasil, e tem como objetivo compartilhar com os Fornecedores a vis\u00e3o da empresa, bem como, orient\u00e1-los a respeito das diretrizes que norteiam as suas rela\u00e7\u00f5es, atendendo as boas pr\u00e1ticas de governan\u00e7a corporativa.<\/p>\t\t\t\t\t\t\t\t<\/div>\n\t\t\t\t<\/div>\n\t\t\t\t<div class=\"elementor-element elementor-element-6a238b0 elementor-widget elementor-widget-text-editor\" data-id=\"6a238b0\" data-element_type=\"widget\" data-e-type=\"widget\" data-widget_type=\"text-editor.default\">\n\t\t\t\t<div class=\"elementor-widget-container\">\n\t\t\t\t\t\t\t\t\t<p>Dessa forma, todos os Fornecedores da Vossko do Brasil devem conduzir seus neg\u00f3cios em atendimento \u00e0s diretrizes<br \/>estabelecidas no C\u00f3digo de Conduta do Fornecedor.<\/p>\t\t\t\t\t\t\t\t<\/div>\n\t\t\t\t<\/div>\n\t\t\t\t<\/div>\n\t\t<div class=\"elementor-element elementor-element-63e0e17 e-con-full efeito-vidro e-flex elementor-invisible e-con e-child\" data-id=\"63e0e17\" data-element_type=\"container\" data-e-type=\"container\" data-settings=\"{&quot;animation&quot;:&quot;fadeInRight&quot;}\">\n\t\t\t\t<div class=\"elementor-element elementor-element-1f1099b elementor-widget elementor-widget-text-editor\" data-id=\"1f1099b\" data-element_type=\"widget\" data-e-type=\"widget\" data-widget_type=\"text-editor.default\">\n\t\t\t\t<div class=\"elementor-widget-container\">\n\t\t\t\t\t\t\t\t\tQuais sejam:\t\t\t\t\t\t\t\t<\/div>\n\t\t\t\t<\/div>\n\t\t\t\t<div class=\"elementor-element elementor-element-a74d21d elementor-icon-list--layout-traditional elementor-list-item-link-full_width elementor-widget elementor-widget-icon-list\" data-id=\"a74d21d\" data-element_type=\"widget\" data-e-type=\"widget\" data-widget_type=\"icon-list.default\">\n\t\t\t\t<div class=\"elementor-widget-container\">\n\t\t\t\t\t\t\t<ul class=\"elementor-icon-list-items\">\n\t\t\t\t\t\t\t<li class=\"elementor-icon-list-item\">\n\t\t\t\t\t\t\t\t\t\t\t<span class=\"elementor-icon-list-icon\">\n\t\t\t\t\t\t\t<svg aria-hidden=\"true\" class=\"e-font-icon-svg e-fas-check\" viewBox=\"0 0 512 512\" xmlns=\"http:\/\/www.w3.org\/2000\/svg\"><path d=\"M173.898 439.404l-166.4-166.4c-9.997-9.997-9.997-26.206 0-36.204l36.203-36.204c9.997-9.998 26.207-9.998 36.204 0L192 312.69 432.095 72.596c9.997-9.997 26.207-9.997 36.204 0l36.203 36.204c9.997 9.997 9.997 26.206 0 36.204l-294.4 294.401c-9.998 9.997-26.207 9.997-36.204-.001z\"><\/path><\/svg>\t\t\t\t\t\t<\/span>\n\t\t\t\t\t\t\t\t\t\t<span class=\"elementor-icon-list-text\">Integridade na condu\u00e7\u00e3o do neg\u00f3cio; <\/span>\n\t\t\t\t\t\t\t\t\t<\/li>\n\t\t\t\t\t\t\t\t<li class=\"elementor-icon-list-item\">\n\t\t\t\t\t\t\t\t\t\t\t<span class=\"elementor-icon-list-icon\">\n\t\t\t\t\t\t\t<svg aria-hidden=\"true\" class=\"e-font-icon-svg e-fas-check\" viewBox=\"0 0 512 512\" xmlns=\"http:\/\/www.w3.org\/2000\/svg\"><path d=\"M173.898 439.404l-166.4-166.4c-9.997-9.997-9.997-26.206 0-36.204l36.203-36.204c9.997-9.998 26.207-9.998 36.204 0L192 312.69 432.095 72.596c9.997-9.997 26.207-9.997 36.204 0l36.203 36.204c9.997 9.997 9.997 26.206 0 36.204l-294.4 294.401c-9.998 9.997-26.207 9.997-36.204-.001z\"><\/path><\/svg>\t\t\t\t\t\t<\/span>\n\t\t\t\t\t\t\t\t\t\t<span class=\"elementor-icon-list-text\">Tratamento respeitoso e digno \u00e0s pessoas;<\/span>\n\t\t\t\t\t\t\t\t\t<\/li>\n\t\t\t\t\t\t\t\t<li class=\"elementor-icon-list-item\">\n\t\t\t\t\t\t\t\t\t\t\t<span class=\"elementor-icon-list-icon\">\n\t\t\t\t\t\t\t<svg aria-hidden=\"true\" class=\"e-font-icon-svg e-fas-check\" viewBox=\"0 0 512 512\" xmlns=\"http:\/\/www.w3.org\/2000\/svg\"><path d=\"M173.898 439.404l-166.4-166.4c-9.997-9.997-9.997-26.206 0-36.204l36.203-36.204c9.997-9.998 26.207-9.998 36.204 0L192 312.69 432.095 72.596c9.997-9.997 26.207-9.997 36.204 0l36.203 36.204c9.997 9.997 9.997 26.206 0 36.204l-294.4 294.401c-9.998 9.997-26.207 9.997-36.204-.001z\"><\/path><\/svg>\t\t\t\t\t\t<\/span>\n\t\t\t\t\t\t\t\t\t\t<span class=\"elementor-icon-list-text\">Confidencialidade e prote\u00e7\u00e3o da informa\u00e7\u00e3o, dos ativos e interesses da Vossko do Brasil; <\/span>\n\t\t\t\t\t\t\t\t\t<\/li>\n\t\t\t\t\t\t\t\t<li class=\"elementor-icon-list-item\">\n\t\t\t\t\t\t\t\t\t\t\t<span class=\"elementor-icon-list-icon\">\n\t\t\t\t\t\t\t<svg aria-hidden=\"true\" class=\"e-font-icon-svg e-fas-check\" viewBox=\"0 0 512 512\" xmlns=\"http:\/\/www.w3.org\/2000\/svg\"><path d=\"M173.898 439.404l-166.4-166.4c-9.997-9.997-9.997-26.206 0-36.204l36.203-36.204c9.997-9.998 26.207-9.998 36.204 0L192 312.69 432.095 72.596c9.997-9.997 26.207-9.997 36.204 0l36.203 36.204c9.997 9.997 9.997 26.206 0 36.204l-294.4 294.401c-9.998 9.997-26.207 9.997-36.204-.001z\"><\/path><\/svg>\t\t\t\t\t\t<\/span>\n\t\t\t\t\t\t\t\t\t\t<span class=\"elementor-icon-list-text\">Responsabilidade socioambiental; <\/span>\n\t\t\t\t\t\t\t\t\t<\/li>\n\t\t\t\t\t\t\t\t<li class=\"elementor-icon-list-item\">\n\t\t\t\t\t\t\t\t\t\t\t<span class=\"elementor-icon-list-icon\">\n\t\t\t\t\t\t\t<svg aria-hidden=\"true\" class=\"e-font-icon-svg e-fas-check\" viewBox=\"0 0 512 512\" xmlns=\"http:\/\/www.w3.org\/2000\/svg\"><path d=\"M173.898 439.404l-166.4-166.4c-9.997-9.997-9.997-26.206 0-36.204l36.203-36.204c9.997-9.998 26.207-9.998 36.204 0L192 312.69 432.095 72.596c9.997-9.997 26.207-9.997 36.204 0l36.203 36.204c9.997 9.997 9.997 26.206 0 36.204l-294.4 294.401c-9.998 9.997-26.207 9.997-36.204-.001z\"><\/path><\/svg>\t\t\t\t\t\t<\/span>\n\t\t\t\t\t\t\t\t\t\t<span class=\"elementor-icon-list-text\">Qualidade dos servi\u00e7os e dos produtos. <\/span>\n\t\t\t\t\t\t\t\t\t<\/li>\n\t\t\t\t\t\t<\/ul>\n\t\t\t\t\t\t<\/div>\n\t\t\t\t<\/div>\n\t\t\t\t<div class=\"elementor-element elementor-element-c18faef elementor-widget elementor-widget-text-editor\" data-id=\"c18faef\" data-element_type=\"widget\" data-e-type=\"widget\" data-widget_type=\"text-editor.default\">\n\t\t\t\t<div class=\"elementor-widget-container\">\n\t\t\t\t\t\t\t\t\t* O conte\u00fado completo est\u00e1 registrado internamente e est\u00e1 dispon\u00edvel para download:\t\t\t\t\t\t\t\t<\/div>\n\t\t\t\t<\/div>\n\t\t\t\t<div class=\"elementor-element elementor-element-ea0ae51 elementor-widget elementor-widget-button\" data-id=\"ea0ae51\" data-element_type=\"widget\" data-e-type=\"widget\" data-widget_type=\"button.default\">\n\t\t\t\t<div class=\"elementor-widget-container\">\n\t\t\t\t\t\t\t\t\t<div class=\"elementor-button-wrapper\">\n\t\t\t\t\t<a class=\"elementor-button elementor-button-link elementor-size-sm elementor-animation-grow\" href=\"https:\/\/vosskodobrasil.com.br\/novo\/wp-content\/uploads\/2024\/03\/CODIGO-DE-CONDUTA-DO-FORNECEDOR.pdf\" target=\"_blank\">\n\t\t\t\t\t\t<span class=\"elementor-button-content-wrapper\">\n\t\t\t\t\t\t\t\t\t<span class=\"elementor-button-text\">Download<\/span>\n\t\t\t\t\t<\/span>\n\t\t\t\t\t<\/a>\n\t\t\t\t<\/div>\n\t\t\t\t\t\t\t\t<\/div>\n\t\t\t\t<\/div>\n\t\t\t\t<\/div>\n\t\t\t\t\t<\/div>\n\t\t\t\t<\/div>\n\t\t\t\t<\/div>\n\t\t","protected":false},"excerpt":{"rendered":"<p>Esse C\u00f3digo de Conduta do Fornecedor foi elaborado com base nos princ\u00edpios e valores da Vossko do Brasil, e tem como objetivo compartilhar com os Fornecedores a vis\u00e3o da empresa, bem como, orient\u00e1-los a respeito das diretrizes que norteiam as suas rela\u00e7\u00f5es, atendendo as boas pr\u00e1ticas de governan\u00e7a corporativa. Dessa forma, todos os Fornecedores da [&hellip;]<\/p>\n","protected":false},"author":2,"featured_media":0,"parent":0,"menu_order":0,"comment_status":"closed","ping_status":"closed","template":"","meta":{"_acf_changed":false,"_monsterinsights_skip_tracking":false,"_monsterinsights_sitenote_active":false,"_monsterinsights_sitenote_note":"","_monsterinsights_sitenote_category":0,"footnotes":""},"class_list":["post-57","page","type-page","status-publish","hentry"],"acf":[],"yoast_head":"<!-- This site is optimized with the Yoast SEO plugin v27.4 - https:\/\/yoast.com\/product\/yoast-seo-wordpress\/ -->\n<title>C\u00f3digo de Conduta do Fornecedor - Vossko do Brasil<\/title>\n<meta name=\"robots\" content=\"index, follow, max-snippet:-1, max-image-preview:large, max-video-preview:-1\" \/>\n<link rel=\"canonical\" href=\"https:\/\/www.vosskodobrasil.com.br\/novo\/codigo-conduta-fornecedor\/\" \/>\n<meta property=\"og:locale\" content=\"pt_BR\" \/>\n<meta property=\"og:type\" content=\"article\" \/>\n<meta property=\"og:title\" content=\"C\u00f3digo de Conduta do Fornecedor - Vossko do Brasil\" \/>\n<meta property=\"og:description\" content=\"Esse C\u00f3digo de Conduta do Fornecedor foi elaborado com base nos princ\u00edpios e valores da Vossko do Brasil, e tem como objetivo compartilhar com os Fornecedores a vis\u00e3o da empresa, bem como, orient\u00e1-los a respeito das diretrizes que norteiam as suas rela\u00e7\u00f5es, atendendo as boas pr\u00e1ticas de governan\u00e7a corporativa. Dessa forma, todos os Fornecedores da [&hellip;]\" \/>\n<meta property=\"og:url\" content=\"https:\/\/www.vosskodobrasil.com.br\/novo\/codigo-conduta-fornecedor\/\" \/>\n<meta property=\"og:site_name\" content=\"Vossko do Brasil\" \/>\n<meta property=\"article:publisher\" content=\"https:\/\/www.facebook.com\/vosskodobrasil\/\" \/>\n<meta property=\"article:modified_time\" content=\"2024-07-24T12:05:38+00:00\" \/>\n<meta name=\"twitter:card\" content=\"summary_large_image\" \/>\n<meta name=\"twitter:label1\" content=\"Est. tempo de leitura\" \/>\n\t<meta name=\"twitter:data1\" content=\"1 minuto\" \/>\n<script type=\"application\/ld+json\" class=\"yoast-schema-graph\">{\"@context\":\"https:\\\/\\\/schema.org\",\"@graph\":[{\"@type\":\"WebPage\",\"@id\":\"https:\\\/\\\/www.vosskodobrasil.com.br\\\/novo\\\/codigo-conduta-fornecedor\\\/\",\"url\":\"https:\\\/\\\/www.vosskodobrasil.com.br\\\/novo\\\/codigo-conduta-fornecedor\\\/\",\"name\":\"C\u00f3digo de Conduta do Fornecedor - Vossko do Brasil\",\"isPartOf\":{\"@id\":\"https:\\\/\\\/www.vosskodobrasil.com.br\\\/novo\\\/#website\"},\"datePublished\":\"2024-03-11T20:10:18+00:00\",\"dateModified\":\"2024-07-24T12:05:38+00:00\",\"breadcrumb\":{\"@id\":\"https:\\\/\\\/www.vosskodobrasil.com.br\\\/novo\\\/codigo-conduta-fornecedor\\\/#breadcrumb\"},\"inLanguage\":\"pt-BR\",\"potentialAction\":[{\"@type\":\"ReadAction\",\"target\":[\"https:\\\/\\\/www.vosskodobrasil.com.br\\\/novo\\\/codigo-conduta-fornecedor\\\/\"]}]},{\"@type\":\"BreadcrumbList\",\"@id\":\"https:\\\/\\\/www.vosskodobrasil.com.br\\\/novo\\\/codigo-conduta-fornecedor\\\/#breadcrumb\",\"itemListElement\":[{\"@type\":\"ListItem\",\"position\":1,\"name\":\"In\u00edcio\",\"item\":\"https:\\\/\\\/www.vosskodobrasil.com.br\\\/novo\\\/\"},{\"@type\":\"ListItem\",\"position\":2,\"name\":\"C\u00f3digo de Conduta do Fornecedor\"}]},{\"@type\":\"WebSite\",\"@id\":\"https:\\\/\\\/www.vosskodobrasil.com.br\\\/novo\\\/#website\",\"url\":\"https:\\\/\\\/www.vosskodobrasil.com.br\\\/novo\\\/\",\"name\":\"Vossko do Brasil\",\"description\":\"Somos especialistas em produtos congelados\",\"publisher\":{\"@id\":\"https:\\\/\\\/www.vosskodobrasil.com.br\\\/novo\\\/#organization\"},\"potentialAction\":[{\"@type\":\"SearchAction\",\"target\":{\"@type\":\"EntryPoint\",\"urlTemplate\":\"https:\\\/\\\/www.vosskodobrasil.com.br\\\/novo\\\/?s={search_term_string}\"},\"query-input\":{\"@type\":\"PropertyValueSpecification\",\"valueRequired\":true,\"valueName\":\"search_term_string\"}}],\"inLanguage\":\"pt-BR\"},{\"@type\":\"Organization\",\"@id\":\"https:\\\/\\\/www.vosskodobrasil.com.br\\\/novo\\\/#organization\",\"name\":\"Vossko do Brasil\",\"url\":\"https:\\\/\\\/www.vosskodobrasil.com.br\\\/novo\\\/\",\"logo\":{\"@type\":\"ImageObject\",\"inLanguage\":\"pt-BR\",\"@id\":\"https:\\\/\\\/www.vosskodobrasil.com.br\\\/novo\\\/#\\\/schema\\\/logo\\\/image\\\/\",\"url\":\"https:\\\/\\\/www.vosskodobrasil.com.br\\\/novo\\\/wp-content\\\/uploads\\\/2024\\\/02\\\/vossko-logo.webp\",\"contentUrl\":\"https:\\\/\\\/www.vosskodobrasil.com.br\\\/novo\\\/wp-content\\\/uploads\\\/2024\\\/02\\\/vossko-logo.webp\",\"width\":800,\"height\":443,\"caption\":\"Vossko do Brasil\"},\"image\":{\"@id\":\"https:\\\/\\\/www.vosskodobrasil.com.br\\\/novo\\\/#\\\/schema\\\/logo\\\/image\\\/\"},\"sameAs\":[\"https:\\\/\\\/www.facebook.com\\\/vosskodobrasil\\\/\",\"https:\\\/\\\/www.instagram.com\\\/vosskodobrasil\\\/\",\"https:\\\/\\\/www.linkedin.com\\\/company\\\/vosskodobrasil\\\/\"]}]}<\/script>\n<!-- \/ Yoast SEO plugin. -->","yoast_head_json":{"title":"C\u00f3digo de Conduta do Fornecedor - Vossko do Brasil","robots":{"index":"index","follow":"follow","max-snippet":"max-snippet:-1","max-image-preview":"max-image-preview:large","max-video-preview":"max-video-preview:-1"},"canonical":"https:\/\/www.vosskodobrasil.com.br\/novo\/codigo-conduta-fornecedor\/","og_locale":"pt_BR","og_type":"article","og_title":"C\u00f3digo de Conduta do Fornecedor - Vossko do Brasil","og_description":"Esse C\u00f3digo de Conduta do Fornecedor foi elaborado com base nos princ\u00edpios e valores da Vossko do Brasil, e tem como objetivo compartilhar com os Fornecedores a vis\u00e3o da empresa, bem como, orient\u00e1-los a respeito das diretrizes que norteiam as suas rela\u00e7\u00f5es, atendendo as boas pr\u00e1ticas de governan\u00e7a corporativa. Dessa forma, todos os Fornecedores da [&hellip;]","og_url":"https:\/\/www.vosskodobrasil.com.br\/novo\/codigo-conduta-fornecedor\/","og_site_name":"Vossko do Brasil","article_publisher":"https:\/\/www.facebook.com\/vosskodobrasil\/","article_modified_time":"2024-07-24T12:05:38+00:00","twitter_card":"summary_large_image","twitter_misc":{"Est. tempo de leitura":"1 minuto"},"schema":{"@context":"https:\/\/schema.org","@graph":[{"@type":"WebPage","@id":"https:\/\/www.vosskodobrasil.com.br\/novo\/codigo-conduta-fornecedor\/","url":"https:\/\/www.vosskodobrasil.com.br\/novo\/codigo-conduta-fornecedor\/","name":"C\u00f3digo de Conduta do Fornecedor - Vossko do Brasil","isPartOf":{"@id":"https:\/\/www.vosskodobrasil.com.br\/novo\/#website"},"datePublished":"2024-03-11T20:10:18+00:00","dateModified":"2024-07-24T12:05:38+00:00","breadcrumb":{"@id":"https:\/\/www.vosskodobrasil.com.br\/novo\/codigo-conduta-fornecedor\/#breadcrumb"},"inLanguage":"pt-BR","potentialAction":[{"@type":"ReadAction","target":["https:\/\/www.vosskodobrasil.com.br\/novo\/codigo-conduta-fornecedor\/"]}]},{"@type":"BreadcrumbList","@id":"https:\/\/www.vosskodobrasil.com.br\/novo\/codigo-conduta-fornecedor\/#breadcrumb","itemListElement":[{"@type":"ListItem","position":1,"name":"In\u00edcio","item":"https:\/\/www.vosskodobrasil.com.br\/novo\/"},{"@type":"ListItem","position":2,"name":"C\u00f3digo de Conduta do Fornecedor"}]},{"@type":"WebSite","@id":"https:\/\/www.vosskodobrasil.com.br\/novo\/#website","url":"https:\/\/www.vosskodobrasil.com.br\/novo\/","name":"Vossko do Brasil","description":"Somos especialistas em produtos congelados","publisher":{"@id":"https:\/\/www.vosskodobrasil.com.br\/novo\/#organization"},"potentialAction":[{"@type":"SearchAction","target":{"@type":"EntryPoint","urlTemplate":"https:\/\/www.vosskodobrasil.com.br\/novo\/?s={search_term_string}"},"query-input":{"@type":"PropertyValueSpecification","valueRequired":true,"valueName":"search_term_string"}}],"inLanguage":"pt-BR"},{"@type":"Organization","@id":"https:\/\/www.vosskodobrasil.com.br\/novo\/#organization","name":"Vossko do Brasil","url":"https:\/\/www.vosskodobrasil.com.br\/novo\/","logo":{"@type":"ImageObject","inLanguage":"pt-BR","@id":"https:\/\/www.vosskodobrasil.com.br\/novo\/#\/schema\/logo\/image\/","url":"https:\/\/www.vosskodobrasil.com.br\/novo\/wp-content\/uploads\/2024\/02\/vossko-logo.webp","contentUrl":"https:\/\/www.vosskodobrasil.com.br\/novo\/wp-content\/uploads\/2024\/02\/vossko-logo.webp","width":800,"height":443,"caption":"Vossko do Brasil"},"image":{"@id":"https:\/\/www.vosskodobrasil.com.br\/novo\/#\/schema\/logo\/image\/"},"sameAs":["https:\/\/www.facebook.com\/vosskodobrasil\/","https:\/\/www.instagram.com\/vosskodobrasil\/","https:\/\/www.linkedin.com\/company\/vosskodobrasil\/"]}]}},"_links":{"self":[{"href":"https:\/\/www.vosskodobrasil.com.br\/novo\/wp-json\/wp\/v2\/pages\/57","targetHints":{"allow":["GET"]}}],"collection":[{"href":"https:\/\/www.vosskodobrasil.com.br\/novo\/wp-json\/wp\/v2\/pages"}],"about":[{"href":"https:\/\/www.vosskodobrasil.com.br\/novo\/wp-json\/wp\/v2\/types\/page"}],"author":[{"embeddable":true,"href":"https:\/\/www.vosskodobrasil.com.br\/novo\/wp-json\/wp\/v2\/users\/2"}],"replies":[{"embeddable":true,"href":"https:\/\/www.vosskodobrasil.com.br\/novo\/wp-json\/wp\/v2\/comments?post=57"}],"version-history":[{"count":10,"href":"https:\/\/www.vosskodobrasil.com.br\/novo\/wp-json\/wp\/v2\/pages\/57\/revisions"}],"predecessor-version":[{"id":1979,"href":"https:\/\/www.vosskodobrasil.com.br\/novo\/wp-json\/wp\/v2\/pages\/57\/revisions\/1979"}],"wp:attachment":[{"href":"https:\/\/www.vosskodobrasil.com.br\/novo\/wp-json\/wp\/v2\/media?parent=57"}],"curies":[{"name":"wp","href":"https:\/\/api.w.org\/{rel}","templated":true}]}}