{"id":53,"date":"2024-03-11T17:09:53","date_gmt":"2024-03-11T20:09:53","guid":{"rendered":"https:\/\/vosskodobrasil.com.br\/novo\/?page_id=53"},"modified":"2024-06-21T11:06:44","modified_gmt":"2024-06-21T14:06:44","slug":"missao-visao-e-valores","status":"publish","type":"page","link":"https:\/\/www.vosskodobrasil.com.br\/novo\/missao-visao-e-valores\/","title":{"rendered":"Miss\u00e3o, Vis\u00e3o e Valores"},"content":{"rendered":"\t\t<div data-elementor-type=\"wp-page\" data-elementor-id=\"53\" class=\"elementor elementor-53\" data-elementor-post-type=\"page\">\n\t\t\t\t<div class=\"elementor-element elementor-element-d765f59 e-flex e-con-boxed e-con e-parent\" data-id=\"d765f59\" data-element_type=\"container\" data-e-type=\"container\" data-settings=\"{&quot;background_background&quot;:&quot;gradient&quot;,&quot;shape_divider_bottom&quot;:&quot;waves&quot;,&quot;shape_divider_bottom_negative&quot;:&quot;yes&quot;}\">\n\t\t\t\t\t<div class=\"e-con-inner\">\n\t\t\t\t<div class=\"elementor-shape elementor-shape-bottom\" aria-hidden=\"true\" data-negative=\"true\">\n\t\t\t<svg xmlns=\"http:\/\/www.w3.org\/2000\/svg\" viewBox=\"0 0 1000 100\" preserveAspectRatio=\"none\">\n\t<path class=\"elementor-shape-fill\" d=\"M790.5,93.1c-59.3-5.3-116.8-18-192.6-50c-29.6-12.7-76.9-31-100.5-35.9c-23.6-4.9-52.6-7.8-75.5-5.3\n\tc-10.2,1.1-22.6,1.4-50.1,7.4c-27.2,6.3-58.2,16.6-79.4,24.7c-41.3,15.9-94.9,21.9-134,22.6C72,58.2,0,25.8,0,25.8V100h1000V65.3\n\tc0,0-51.5,19.4-106.2,25.7C839.5,97,814.1,95.2,790.5,93.1z\"\/>\n<\/svg>\t\t<\/div>\n\t\t<div class=\"elementor-element elementor-element-d8fcc06 e-con-full e-flex elementor-invisible e-con e-child\" data-id=\"d8fcc06\" data-element_type=\"container\" data-e-type=\"container\" data-settings=\"{&quot;animation&quot;:&quot;fadeInLeft&quot;}\">\n\t\t\t\t<\/div>\n\t\t<div class=\"elementor-element elementor-element-9f4e4c7 e-con-full elementor-hidden-tablet elementor-hidden-mobile e-flex e-con e-child\" data-id=\"9f4e4c7\" data-element_type=\"container\" data-e-type=\"container\">\n\t\t\t\t<\/div>\n\t\t\t\t\t<\/div>\n\t\t\t\t<\/div>\n\t\t<div class=\"elementor-element elementor-element-1a91a9d e-flex e-con-boxed e-con e-parent\" data-id=\"1a91a9d\" data-element_type=\"container\" data-e-type=\"container\">\n\t\t\t\t\t<div class=\"e-con-inner\">\n\t\t<div class=\"elementor-element elementor-element-f893c02 e-con-full e-flex elementor-invisible e-con e-child\" data-id=\"f893c02\" data-element_type=\"container\" data-e-type=\"container\" data-settings=\"{&quot;animation&quot;:&quot;fadeInLeft&quot;}\">\n\t\t\t\t<div class=\"elementor-element elementor-element-3364546 elementor-widget elementor-widget-heading\" data-id=\"3364546\" data-element_type=\"widget\" data-e-type=\"widget\" data-widget_type=\"heading.default\">\n\t\t\t\t<div class=\"elementor-widget-container\">\n\t\t\t\t\t<h2 class=\"elementor-heading-title elementor-size-default\">Vossko do Brasil<\/h2>\t\t\t\t<\/div>\n\t\t\t\t<\/div>\n\t\t\t\t<div class=\"elementor-element elementor-element-bf77226 elementor-widget elementor-widget-heading\" data-id=\"bf77226\" data-element_type=\"widget\" data-e-type=\"widget\" data-widget_type=\"heading.default\">\n\t\t\t\t<div class=\"elementor-widget-container\">\n\t\t\t\t\t<h2 class=\"elementor-heading-title elementor-size-default\">Somos comprometidos com a evolu\u00e7\u00e3o!<\/h2>\t\t\t\t<\/div>\n\t\t\t\t<\/div>\n\t\t\t\t<div class=\"elementor-element elementor-element-9496724 elementor-widget elementor-widget-text-editor\" data-id=\"9496724\" data-element_type=\"widget\" data-e-type=\"widget\" data-widget_type=\"text-editor.default\">\n\t\t\t\t<div class=\"elementor-widget-container\">\n\t\t\t\t\t\t\t\t\t<p>Nossos valores fundamentais incluem o compromisso inabal\u00e1vel com a qualidade e autenticidade de nossos produtos. Buscamos cumprir n\u00e3o apenas as legisla\u00e7\u00f5es vigentes, mas tamb\u00e9m atender as expectativas dos clientes em cada solicita\u00e7\u00e3o. Al\u00e9m disso, promovemos a cultura de seguran\u00e7a alimentar entre todos os colaboradores fornecedores, garantindo que cada produto produzido em nossas instala\u00e7\u00f5es seja seguro e confi\u00e1vel.<\/p>\t\t\t\t\t\t\t\t<\/div>\n\t\t\t\t<\/div>\n\t\t\t\t<\/div>\n\t\t<div class=\"elementor-element elementor-element-b55d1ca e-con-full e-flex elementor-invisible e-con e-child\" data-id=\"b55d1ca\" data-element_type=\"container\" data-e-type=\"container\" data-settings=\"{&quot;animation&quot;:&quot;fadeInRight&quot;}\">\n\t\t\t\t<div class=\"elementor-element elementor-element-2f0a657 elementor-widget elementor-widget-image\" data-id=\"2f0a657\" data-element_type=\"widget\" data-e-type=\"widget\" data-widget_type=\"image.default\">\n\t\t\t\t<div class=\"elementor-widget-container\">\n\t\t\t\t\t\t\t\t\t\t\t\t\t\t\t<img fetchpriority=\"high\" decoding=\"async\" width=\"800\" height=\"450\" src=\"https:\/\/www.vosskodobrasil.com.br\/novo\/wp-content\/uploads\/2024\/03\/Fachada-4-1024x576.jpg\" class=\"attachment-large size-large wp-image-412\" alt=\"\" srcset=\"https:\/\/www.vosskodobrasil.com.br\/novo\/wp-content\/uploads\/2024\/03\/Fachada-4-1024x576.jpg 1024w, https:\/\/www.vosskodobrasil.com.br\/novo\/wp-content\/uploads\/2024\/03\/Fachada-4-300x169.jpg 300w, https:\/\/www.vosskodobrasil.com.br\/novo\/wp-content\/uploads\/2024\/03\/Fachada-4-768x432.jpg 768w, https:\/\/www.vosskodobrasil.com.br\/novo\/wp-content\/uploads\/2024\/03\/Fachada-4-1536x864.jpg 1536w, https:\/\/www.vosskodobrasil.com.br\/novo\/wp-content\/uploads\/2024\/03\/Fachada-4-2048x1152.jpg 2048w\" sizes=\"(max-width: 800px) 100vw, 800px\" \/>\t\t\t\t\t\t\t\t\t\t\t\t\t\t\t<\/div>\n\t\t\t\t<\/div>\n\t\t\t\t<\/div>\n\t\t\t\t\t<\/div>\n\t\t\t\t<\/div>\n\t\t<div class=\"elementor-element elementor-element-0cba98b e-flex e-con-boxed e-con e-parent\" data-id=\"0cba98b\" data-element_type=\"container\" data-e-type=\"container\">\n\t\t\t\t\t<div class=\"e-con-inner\">\n\t\t<div class=\"elementor-element elementor-element-b9475d3 e-con-full efeito-vidro e-flex elementor-invisible e-con e-child\" data-id=\"b9475d3\" data-element_type=\"container\" data-e-type=\"container\" data-settings=\"{&quot;animation&quot;:&quot;fadeInLeft&quot;}\">\n\t\t\t\t<div class=\"elementor-element elementor-element-0ee97c0 elementor-position-top elementor-widget elementor-widget-image-box\" data-id=\"0ee97c0\" data-element_type=\"widget\" data-e-type=\"widget\" data-widget_type=\"image-box.default\">\n\t\t\t\t<div class=\"elementor-widget-container\">\n\t\t\t\t\t<div class=\"elementor-image-box-wrapper\"><figure class=\"elementor-image-box-img\"><img decoding=\"async\" width=\"512\" height=\"512\" src=\"https:\/\/www.vosskodobrasil.com.br\/novo\/wp-content\/uploads\/2024\/03\/alvo.png\" class=\"attachment-full size-full wp-image-411\" alt=\"\" srcset=\"https:\/\/www.vosskodobrasil.com.br\/novo\/wp-content\/uploads\/2024\/03\/alvo.png 512w, https:\/\/www.vosskodobrasil.com.br\/novo\/wp-content\/uploads\/2024\/03\/alvo-300x300.png 300w, https:\/\/www.vosskodobrasil.com.br\/novo\/wp-content\/uploads\/2024\/03\/alvo-150x150.png 150w\" sizes=\"(max-width: 512px) 100vw, 512px\" \/><\/figure><div class=\"elementor-image-box-content\"><h3 class=\"elementor-image-box-title\">Miss\u00e3o<\/h3><p class=\"elementor-image-box-description\">Produzir alimentos com alta qualidade, pr\u00e1ticos e personalizados, de forma sustent\u00e1vel.<div><span data-canva-clipboard=\"ewAiAGEAIgA6ADUALAAiAGgAIgA6ACIAdwB3AHcALgBjAGEAbgB2AGEALgBjAG8AbQAiACwAIgBjACIAOgAiAEQAQQBHAEUAagBFADAAdgB1AGgATQAiACwAIgBpACIAOgAiAFAATgBzAG8AeABGAFIAMgBMAFkAXwBlAEEAVQBNAF8AdwBMAGIAZwBIAGcAIgAsACIAYgAiADoAMQA3ADEAOAA5ADcAOAA1ADIANgAyADYAOAAsACIAQQA\/ACIAOgAiAEIAIgAsACIAQQAiADoAWwB7ACIAQQAiADoAMgA0ADUALgAzADcAMwAxADYAMQAxADIAMQA0ADkANAA2ACwAIgBCACIAOgAxADMANgAuADUANwAzADgANgA5ADgAMAA1ADEANgAyADMALAAiAEQAIgA6ADUANwA3AC4ANwA1ADYAOAAzADgAOAA1ADYAMgA1ADUAMQAsACIAQwAiADoANAA2AC4AMwAyADQAOAA0ACwAIgBBAD8AIgA6ACIASwAiACwAIgBhACIAOgB7ACIAQQAiADoAWwB7ACIAQQA\/ACIAOgAiAEEAIgAsACIAQQAiADoAIgBQAHIAbwBkAHUAegBpAHIAIABhAGwAaQBtAGUAbgB0AG8AcwAgAGMAbwBtACAAYQBsAHQAYQAgAHEAdQBhAGwAaQBkAGEAZABlACwAIABwAHIA4QB0AGkAYwBvAHMAIABlACAAcABlAHIAcwBvAG4AYQBsAGkAegBhAGQAbwBzACwAIABkAGUAIABmAG8AcgBtAGEAIABzAHUAcwB0AGUAbgB0AOEAdgBlAGwALgBcAG4AIgB9AF0ALAAiAEIAIgA6AFsAewAiAEEAPwAiADoAIgBBACIALAAiAEEAIgA6AHsAIgBmAG8AbgB0AC0AcwBpAHoAZQAiADoAewAiAEIAIgA6ACIAMQA4AC4AMwA3ADUAOAAiAH0ALAAiAHQAZQB4AHQALQBhAGwAaQBnAG4AIgA6AHsAIgBCACIAOgAiAGoAdQBzAHQAaQBmAHkAIgB9ACwAIgBmAG8AbgB0AC0AZgBhAG0AaQBsAHkAIgA6AHsAIgBCACIAOgAiAFkAQQBGAGMAZgByADAAWgB3AFUAQQAsADAAIgB9AH0AfQAsAHsAIgBBAD8AIgA6ACIAQgAiACwAIgBBACIAOgA4ADcAfQAsAHsAIgBBAD8AIgA6ACIAQQAiACwAIgBBACIAOgB7ACIAYwBvAGwAbwByACIAOgB7ACIAQgAiADoAIgAjADAAMAAwADAAMAAwACIAfQB9AH0ALAB7ACIAQQA\/ACIAOgAiAEIAIgAsACIAQQAiADoAMQB9ACwAewAiAEEAPwAiADoAIgBBACIALAAiAEEAIgA6AHsAIgBmAG8AbgB0AC0AZgBhAG0AaQBsAHkAIgA6AHsAfQAsACIAYwBvAGwAbwByACIAOgB7AH0ALAAiAHQAZQB4AHQALQBhAGwAaQBnAG4AIgA6AHsAfQAsACIAZgBvAG4AdAAtAHMAaQB6AGUAIgA6AHsAfQB9AH0AXQB9ACwAIgBiACIAOgB7AH0ALAAiAGQAIgA6ACIAQQAiACwAIgBoACIAOgAiAEEAIgB9AF0ALAAiAEIAIgA6ADcAOQAzAC4ANwAwADAANwA4ADcANAAwADEANQA3ADQAOQAsACIAQwAiADoAMQAxADIAMgAuADUAMQA5ADYAOAA1ADAAMwA5ADMANwAwADIAfQA=\"><\/span><\/div><\/p><\/div><\/div>\t\t\t\t<\/div>\n\t\t\t\t<\/div>\n\t\t\t\t<\/div>\n\t\t<div class=\"elementor-element elementor-element-cf0ab2f e-con-full efeito-vidro e-flex elementor-invisible e-con e-child\" data-id=\"cf0ab2f\" data-element_type=\"container\" data-e-type=\"container\" data-settings=\"{&quot;animation&quot;:&quot;fadeInUp&quot;}\">\n\t\t\t\t<div class=\"elementor-element elementor-element-85d5ba1 elementor-position-top elementor-widget elementor-widget-image-box\" data-id=\"85d5ba1\" data-element_type=\"widget\" data-e-type=\"widget\" data-widget_type=\"image-box.default\">\n\t\t\t\t<div class=\"elementor-widget-container\">\n\t\t\t\t\t<div class=\"elementor-image-box-wrapper\"><figure class=\"elementor-image-box-img\"><img decoding=\"async\" width=\"512\" height=\"512\" src=\"https:\/\/www.vosskodobrasil.com.br\/novo\/wp-content\/uploads\/2024\/03\/visao.png\" class=\"attachment-full size-full wp-image-410\" alt=\"\" srcset=\"https:\/\/www.vosskodobrasil.com.br\/novo\/wp-content\/uploads\/2024\/03\/visao.png 512w, https:\/\/www.vosskodobrasil.com.br\/novo\/wp-content\/uploads\/2024\/03\/visao-300x300.png 300w, https:\/\/www.vosskodobrasil.com.br\/novo\/wp-content\/uploads\/2024\/03\/visao-150x150.png 150w\" sizes=\"(max-width: 512px) 100vw, 512px\" \/><\/figure><div class=\"elementor-image-box-content\"><h3 class=\"elementor-image-box-title\">Vis\u00e3o<\/h3><p class=\"elementor-image-box-description\">Ser uma empresa de crescimento constante, por meio do fortalecimento das rela\u00e7\u00f5es com clientes e colaboradores, otimizando processos e buscando novos mercados nos segmentos de varejo, food service e ind\u00fastria.<div><span data-canva-clipboard=\"ewAiAGEAIgA6ADUALAAiAGgAIgA6ACIAdwB3AHcALgBjAGEAbgB2AGEALgBjAG8AbQAiACwAIgBjACIAOgAiAEQAQQBHAEUAagBFADAAdgB1AGgATQAiACwAIgBpACIAOgAiAFAATgBzAG8AeABGAFIAMgBMAFkAXwBlAEEAVQBNAF8AdwBMAGIAZwBIAGcAIgAsACIAYgAiADoAMQA3ADEAOAA5ADcAOAA1ADIANgAyADYAOAAsACIAQQA\/ACIAOgAiAEIAIgAsACIAQQAiADoAWwB7ACIAQQAiADoAMwA4ADkALgAzADIANgAwADUANQA2ADcANQAwADUANwA4ACwAIgBCACIAOgAxADMAOQAuADcAMAA4ADgAMwA2ADEAMQA2ADcANwA1ADcAMwAsACIARAAiADoANQA3ADQALgA2ADIAMQA4ADcAMgA1ADQANAA2ADQAMQA0ACwAIgBDACIAOgA5ADYALgAzADIANAA4ADQALAAiAEEAPwAiADoAIgBLACIALAAiAGEAIgA6AHsAIgBBACIAOgBbAHsAIgBBAD8AIgA6ACIAQQAiACwAIgBBACIAOgAiAFMAZQByACAAdQBtAGEAIABlAG0AcAByAGUAcwBhACAAZABlACAAYwByAGUAcwBjAGkAbQBlAG4AdABvACAAYwBvAG4AcwB0AGEAbgB0AGUALAAgAHAAbwByACAAbQBlAGkAbwAgAGQAbwAgAGYAbwByAHQAYQBsAGUAYwBpAG0AZQBuAHQAbwAgAGQAYQBzACAAcgBlAGwAYQDnAPUAZQBzACAAYwBvAG0AIABjAGwAaQBlAG4AdABlAHMAIABlACAAYwBvAGwAYQBiAG8AcgBhAGQAbwByAGUAcwAsACAAbwB0AGkAbQBpAHoAYQBuAGQAbwAgAHAAcgBvAGMAZQBzAHMAbwBzACAAZQAgAGIAdQBzAGMAYQBuAGQAbwAgAG4AbwB2AG8AcwAgAG0AZQByAGMAYQBkAG8AcwAgAG4AbwBzACAAcwBlAGcAbQBlAG4AdABvAHMAIABkAGUAIAB2AGEAcgBlAGoAbwAsACAAZgBvAG8AZAAgAHMAZQByAHYAaQBjAGUAIABlACAAaQBuAGQA+gBzAHQAcgBpAGEALgBcAG4AIgB9AF0ALAAiAEIAIgA6AFsAewAiAEEAPwAiADoAIgBBACIALAAiAEEAIgA6AHsAIgBmAG8AbgB0AC0AcwBpAHoAZQAiADoAewAiAEIAIgA6ACIAMQA4AC4AMwA3ADUAOAAiAH0ALAAiAHQAZQB4AHQALQBhAGwAaQBnAG4AIgA6AHsAIgBCACIAOgAiAGoAdQBzAHQAaQBmAHkAIgB9ACwAIgBmAG8AbgB0AC0AZgBhAG0AaQBsAHkAIgA6AHsAIgBCACIAOgAiAFkAQQBGAGMAZgByADAAWgB3AFUAQQAsADAAIgB9AH0AfQAsAHsAIgBBAD8AIgA6ACIAQgAiACwAIgBBACIAOgAyADAAOQB9ACwAewAiAEEAPwAiADoAIgBBACIALAAiAEEAIgA6AHsAIgBjAG8AbABvAHIAIgA6AHsAIgBCACIAOgAiACMAMAAwADAAMAAwADAAIgB9AH0AfQAsAHsAIgBBAD8AIgA6ACIAQgAiACwAIgBBACIAOgAxAH0ALAB7ACIAQQA\/ACIAOgAiAEEAIgAsACIAQQAiADoAewAiAGYAbwBuAHQALQBmAGEAbQBpAGwAeQAiADoAewB9ACwAIgBjAG8AbABvAHIAIgA6AHsAfQAsACIAdABlAHgAdAAtAGEAbABpAGcAbgAiADoAewB9ACwAIgBmAG8AbgB0AC0AcwBpAHoAZQAiADoAewB9AH0AfQBdAH0ALAAiAGIAIgA6AHsAfQAsACIAZAAiADoAIgBBACIALAAiAGgAIgA6ACIAQQAiAH0AXQAsACIAQgAiADoANwA5ADMALgA3ADAAMAA3ADgANwA0ADAAMQA1ADcANAA5ACwAIgBDACIAOgAxADEAMgAyAC4ANQAxADkANgA4ADUAMAAzADkAMwA3ADAAMgB9AA==\"><\/span><\/div><\/p><\/div><\/div>\t\t\t\t<\/div>\n\t\t\t\t<\/div>\n\t\t\t\t<\/div>\n\t\t<div class=\"elementor-element elementor-element-8367c93 e-con-full efeito-vidro e-flex elementor-invisible e-con e-child\" data-id=\"8367c93\" data-element_type=\"container\" data-e-type=\"container\" data-settings=\"{&quot;animation&quot;:&quot;fadeInRight&quot;}\">\n\t\t\t\t<div class=\"elementor-element elementor-element-55d226d elementor-position-top elementor-widget elementor-widget-image-box\" data-id=\"55d226d\" data-element_type=\"widget\" data-e-type=\"widget\" data-widget_type=\"image-box.default\">\n\t\t\t\t<div class=\"elementor-widget-container\">\n\t\t\t\t\t<div class=\"elementor-image-box-wrapper\"><figure class=\"elementor-image-box-img\"><img loading=\"lazy\" decoding=\"async\" width=\"512\" height=\"512\" src=\"https:\/\/www.vosskodobrasil.com.br\/novo\/wp-content\/uploads\/2024\/03\/diamante.png\" class=\"attachment-full size-full wp-image-409\" alt=\"\" srcset=\"https:\/\/www.vosskodobrasil.com.br\/novo\/wp-content\/uploads\/2024\/03\/diamante.png 512w, https:\/\/www.vosskodobrasil.com.br\/novo\/wp-content\/uploads\/2024\/03\/diamante-300x300.png 300w, https:\/\/www.vosskodobrasil.com.br\/novo\/wp-content\/uploads\/2024\/03\/diamante-150x150.png 150w\" sizes=\"(max-width: 512px) 100vw, 512px\" \/><\/figure><div class=\"elementor-image-box-content\"><h3 class=\"elementor-image-box-title\">Valores<\/h3><p class=\"elementor-image-box-description\">Foco no Cliente<br>Integridade<br>Trabalho em Equipe<br>Desenvolver Pessoas<br>Comprometimento com Resultados<br>Cultura de Seguran\u00e7a de Alimentos<br>Responsabilidade Socioambiental<\/p><\/div><\/div>\t\t\t\t<\/div>\n\t\t\t\t<\/div>\n\t\t\t\t<\/div>\n\t\t\t\t\t<\/div>\n\t\t\t\t<\/div>\n\t\t\t\t<\/div>\n\t\t","protected":false},"excerpt":{"rendered":"<p>Vossko do Brasil Somos comprometidos com a evolu\u00e7\u00e3o! Nossos valores fundamentais incluem o compromisso inabal\u00e1vel com a qualidade e autenticidade de nossos produtos. Buscamos cumprir n\u00e3o apenas as legisla\u00e7\u00f5es vigentes, mas tamb\u00e9m atender as expectativas dos clientes em cada solicita\u00e7\u00e3o. Al\u00e9m disso, promovemos a cultura de seguran\u00e7a alimentar entre todos os colaboradores fornecedores, garantindo que [&hellip;]<\/p>\n","protected":false},"author":2,"featured_media":0,"parent":0,"menu_order":0,"comment_status":"closed","ping_status":"closed","template":"elementor_header_footer","meta":{"_acf_changed":false,"_monsterinsights_skip_tracking":false,"_monsterinsights_sitenote_active":false,"_monsterinsights_sitenote_note":"","_monsterinsights_sitenote_category":0,"footnotes":""},"class_list":["post-53","page","type-page","status-publish","hentry"],"acf":[],"yoast_head":"<!-- This site is optimized with the Yoast SEO plugin v27.4 - https:\/\/yoast.com\/product\/yoast-seo-wordpress\/ -->\n<title>Miss\u00e3o, Vis\u00e3o e Valores - Vossko do Brasil<\/title>\n<meta name=\"robots\" content=\"index, follow, max-snippet:-1, max-image-preview:large, max-video-preview:-1\" \/>\n<link rel=\"canonical\" href=\"https:\/\/www.vosskodobrasil.com.br\/novo\/missao-visao-e-valores\/\" \/>\n<meta property=\"og:locale\" content=\"pt_BR\" \/>\n<meta property=\"og:type\" content=\"article\" \/>\n<meta property=\"og:title\" content=\"Miss\u00e3o, Vis\u00e3o e Valores - Vossko do Brasil\" \/>\n<meta property=\"og:description\" content=\"Vossko do Brasil Somos comprometidos com a evolu\u00e7\u00e3o! Nossos valores fundamentais incluem o compromisso inabal\u00e1vel com a qualidade e autenticidade de nossos produtos. Buscamos cumprir n\u00e3o apenas as legisla\u00e7\u00f5es vigentes, mas tamb\u00e9m atender as expectativas dos clientes em cada solicita\u00e7\u00e3o. Al\u00e9m disso, promovemos a cultura de seguran\u00e7a alimentar entre todos os colaboradores fornecedores, garantindo que [&hellip;]\" \/>\n<meta property=\"og:url\" content=\"https:\/\/www.vosskodobrasil.com.br\/novo\/missao-visao-e-valores\/\" \/>\n<meta property=\"og:site_name\" content=\"Vossko do Brasil\" \/>\n<meta property=\"article:publisher\" content=\"https:\/\/www.facebook.com\/vosskodobrasil\/\" \/>\n<meta property=\"article:modified_time\" content=\"2024-06-21T14:06:44+00:00\" \/>\n<meta property=\"og:image\" content=\"https:\/\/vosskodobrasil.com.br\/novo\/wp-content\/uploads\/2024\/03\/Fachada-4-1024x576.jpg\" \/>\n<meta name=\"twitter:card\" content=\"summary_large_image\" \/>\n<meta name=\"twitter:label1\" content=\"Est. tempo de leitura\" \/>\n\t<meta name=\"twitter:data1\" content=\"2 minutos\" \/>\n<script type=\"application\/ld+json\" class=\"yoast-schema-graph\">{\"@context\":\"https:\\\/\\\/schema.org\",\"@graph\":[{\"@type\":\"WebPage\",\"@id\":\"https:\\\/\\\/www.vosskodobrasil.com.br\\\/novo\\\/missao-visao-e-valores\\\/\",\"url\":\"https:\\\/\\\/www.vosskodobrasil.com.br\\\/novo\\\/missao-visao-e-valores\\\/\",\"name\":\"Miss\u00e3o, Vis\u00e3o e Valores - Vossko do Brasil\",\"isPartOf\":{\"@id\":\"https:\\\/\\\/www.vosskodobrasil.com.br\\\/novo\\\/#website\"},\"primaryImageOfPage\":{\"@id\":\"https:\\\/\\\/www.vosskodobrasil.com.br\\\/novo\\\/missao-visao-e-valores\\\/#primaryimage\"},\"image\":{\"@id\":\"https:\\\/\\\/www.vosskodobrasil.com.br\\\/novo\\\/missao-visao-e-valores\\\/#primaryimage\"},\"thumbnailUrl\":\"https:\\\/\\\/vosskodobrasil.com.br\\\/novo\\\/wp-content\\\/uploads\\\/2024\\\/03\\\/Fachada-4-1024x576.jpg\",\"datePublished\":\"2024-03-11T20:09:53+00:00\",\"dateModified\":\"2024-06-21T14:06:44+00:00\",\"breadcrumb\":{\"@id\":\"https:\\\/\\\/www.vosskodobrasil.com.br\\\/novo\\\/missao-visao-e-valores\\\/#breadcrumb\"},\"inLanguage\":\"pt-BR\",\"potentialAction\":[{\"@type\":\"ReadAction\",\"target\":[\"https:\\\/\\\/www.vosskodobrasil.com.br\\\/novo\\\/missao-visao-e-valores\\\/\"]}]},{\"@type\":\"ImageObject\",\"inLanguage\":\"pt-BR\",\"@id\":\"https:\\\/\\\/www.vosskodobrasil.com.br\\\/novo\\\/missao-visao-e-valores\\\/#primaryimage\",\"url\":\"https:\\\/\\\/vosskodobrasil.com.br\\\/novo\\\/wp-content\\\/uploads\\\/2024\\\/03\\\/Fachada-4-1024x576.jpg\",\"contentUrl\":\"https:\\\/\\\/vosskodobrasil.com.br\\\/novo\\\/wp-content\\\/uploads\\\/2024\\\/03\\\/Fachada-4-1024x576.jpg\"},{\"@type\":\"BreadcrumbList\",\"@id\":\"https:\\\/\\\/www.vosskodobrasil.com.br\\\/novo\\\/missao-visao-e-valores\\\/#breadcrumb\",\"itemListElement\":[{\"@type\":\"ListItem\",\"position\":1,\"name\":\"In\u00edcio\",\"item\":\"https:\\\/\\\/www.vosskodobrasil.com.br\\\/novo\\\/\"},{\"@type\":\"ListItem\",\"position\":2,\"name\":\"Miss\u00e3o, Vis\u00e3o e Valores\"}]},{\"@type\":\"WebSite\",\"@id\":\"https:\\\/\\\/www.vosskodobrasil.com.br\\\/novo\\\/#website\",\"url\":\"https:\\\/\\\/www.vosskodobrasil.com.br\\\/novo\\\/\",\"name\":\"Vossko do Brasil\",\"description\":\"Somos especialistas em produtos congelados\",\"publisher\":{\"@id\":\"https:\\\/\\\/www.vosskodobrasil.com.br\\\/novo\\\/#organization\"},\"potentialAction\":[{\"@type\":\"SearchAction\",\"target\":{\"@type\":\"EntryPoint\",\"urlTemplate\":\"https:\\\/\\\/www.vosskodobrasil.com.br\\\/novo\\\/?s={search_term_string}\"},\"query-input\":{\"@type\":\"PropertyValueSpecification\",\"valueRequired\":true,\"valueName\":\"search_term_string\"}}],\"inLanguage\":\"pt-BR\"},{\"@type\":\"Organization\",\"@id\":\"https:\\\/\\\/www.vosskodobrasil.com.br\\\/novo\\\/#organization\",\"name\":\"Vossko do Brasil\",\"url\":\"https:\\\/\\\/www.vosskodobrasil.com.br\\\/novo\\\/\",\"logo\":{\"@type\":\"ImageObject\",\"inLanguage\":\"pt-BR\",\"@id\":\"https:\\\/\\\/www.vosskodobrasil.com.br\\\/novo\\\/#\\\/schema\\\/logo\\\/image\\\/\",\"url\":\"https:\\\/\\\/www.vosskodobrasil.com.br\\\/novo\\\/wp-content\\\/uploads\\\/2024\\\/02\\\/vossko-logo.webp\",\"contentUrl\":\"https:\\\/\\\/www.vosskodobrasil.com.br\\\/novo\\\/wp-content\\\/uploads\\\/2024\\\/02\\\/vossko-logo.webp\",\"width\":800,\"height\":443,\"caption\":\"Vossko do Brasil\"},\"image\":{\"@id\":\"https:\\\/\\\/www.vosskodobrasil.com.br\\\/novo\\\/#\\\/schema\\\/logo\\\/image\\\/\"},\"sameAs\":[\"https:\\\/\\\/www.facebook.com\\\/vosskodobrasil\\\/\",\"https:\\\/\\\/www.instagram.com\\\/vosskodobrasil\\\/\",\"https:\\\/\\\/www.linkedin.com\\\/company\\\/vosskodobrasil\\\/\"]}]}<\/script>\n<!-- \/ Yoast SEO plugin. -->","yoast_head_json":{"title":"Miss\u00e3o, Vis\u00e3o e Valores - Vossko do Brasil","robots":{"index":"index","follow":"follow","max-snippet":"max-snippet:-1","max-image-preview":"max-image-preview:large","max-video-preview":"max-video-preview:-1"},"canonical":"https:\/\/www.vosskodobrasil.com.br\/novo\/missao-visao-e-valores\/","og_locale":"pt_BR","og_type":"article","og_title":"Miss\u00e3o, Vis\u00e3o e Valores - Vossko do Brasil","og_description":"Vossko do Brasil Somos comprometidos com a evolu\u00e7\u00e3o! Nossos valores fundamentais incluem o compromisso inabal\u00e1vel com a qualidade e autenticidade de nossos produtos. Buscamos cumprir n\u00e3o apenas as legisla\u00e7\u00f5es vigentes, mas tamb\u00e9m atender as expectativas dos clientes em cada solicita\u00e7\u00e3o. Al\u00e9m disso, promovemos a cultura de seguran\u00e7a alimentar entre todos os colaboradores fornecedores, garantindo que [&hellip;]","og_url":"https:\/\/www.vosskodobrasil.com.br\/novo\/missao-visao-e-valores\/","og_site_name":"Vossko do Brasil","article_publisher":"https:\/\/www.facebook.com\/vosskodobrasil\/","article_modified_time":"2024-06-21T14:06:44+00:00","og_image":[{"url":"https:\/\/vosskodobrasil.com.br\/novo\/wp-content\/uploads\/2024\/03\/Fachada-4-1024x576.jpg","type":"","width":"","height":""}],"twitter_card":"summary_large_image","twitter_misc":{"Est. tempo de leitura":"2 minutos"},"schema":{"@context":"https:\/\/schema.org","@graph":[{"@type":"WebPage","@id":"https:\/\/www.vosskodobrasil.com.br\/novo\/missao-visao-e-valores\/","url":"https:\/\/www.vosskodobrasil.com.br\/novo\/missao-visao-e-valores\/","name":"Miss\u00e3o, Vis\u00e3o e Valores - Vossko do Brasil","isPartOf":{"@id":"https:\/\/www.vosskodobrasil.com.br\/novo\/#website"},"primaryImageOfPage":{"@id":"https:\/\/www.vosskodobrasil.com.br\/novo\/missao-visao-e-valores\/#primaryimage"},"image":{"@id":"https:\/\/www.vosskodobrasil.com.br\/novo\/missao-visao-e-valores\/#primaryimage"},"thumbnailUrl":"https:\/\/vosskodobrasil.com.br\/novo\/wp-content\/uploads\/2024\/03\/Fachada-4-1024x576.jpg","datePublished":"2024-03-11T20:09:53+00:00","dateModified":"2024-06-21T14:06:44+00:00","breadcrumb":{"@id":"https:\/\/www.vosskodobrasil.com.br\/novo\/missao-visao-e-valores\/#breadcrumb"},"inLanguage":"pt-BR","potentialAction":[{"@type":"ReadAction","target":["https:\/\/www.vosskodobrasil.com.br\/novo\/missao-visao-e-valores\/"]}]},{"@type":"ImageObject","inLanguage":"pt-BR","@id":"https:\/\/www.vosskodobrasil.com.br\/novo\/missao-visao-e-valores\/#primaryimage","url":"https:\/\/vosskodobrasil.com.br\/novo\/wp-content\/uploads\/2024\/03\/Fachada-4-1024x576.jpg","contentUrl":"https:\/\/vosskodobrasil.com.br\/novo\/wp-content\/uploads\/2024\/03\/Fachada-4-1024x576.jpg"},{"@type":"BreadcrumbList","@id":"https:\/\/www.vosskodobrasil.com.br\/novo\/missao-visao-e-valores\/#breadcrumb","itemListElement":[{"@type":"ListItem","position":1,"name":"In\u00edcio","item":"https:\/\/www.vosskodobrasil.com.br\/novo\/"},{"@type":"ListItem","position":2,"name":"Miss\u00e3o, Vis\u00e3o e Valores"}]},{"@type":"WebSite","@id":"https:\/\/www.vosskodobrasil.com.br\/novo\/#website","url":"https:\/\/www.vosskodobrasil.com.br\/novo\/","name":"Vossko do Brasil","description":"Somos especialistas em produtos congelados","publisher":{"@id":"https:\/\/www.vosskodobrasil.com.br\/novo\/#organization"},"potentialAction":[{"@type":"SearchAction","target":{"@type":"EntryPoint","urlTemplate":"https:\/\/www.vosskodobrasil.com.br\/novo\/?s={search_term_string}"},"query-input":{"@type":"PropertyValueSpecification","valueRequired":true,"valueName":"search_term_string"}}],"inLanguage":"pt-BR"},{"@type":"Organization","@id":"https:\/\/www.vosskodobrasil.com.br\/novo\/#organization","name":"Vossko do Brasil","url":"https:\/\/www.vosskodobrasil.com.br\/novo\/","logo":{"@type":"ImageObject","inLanguage":"pt-BR","@id":"https:\/\/www.vosskodobrasil.com.br\/novo\/#\/schema\/logo\/image\/","url":"https:\/\/www.vosskodobrasil.com.br\/novo\/wp-content\/uploads\/2024\/02\/vossko-logo.webp","contentUrl":"https:\/\/www.vosskodobrasil.com.br\/novo\/wp-content\/uploads\/2024\/02\/vossko-logo.webp","width":800,"height":443,"caption":"Vossko do Brasil"},"image":{"@id":"https:\/\/www.vosskodobrasil.com.br\/novo\/#\/schema\/logo\/image\/"},"sameAs":["https:\/\/www.facebook.com\/vosskodobrasil\/","https:\/\/www.instagram.com\/vosskodobrasil\/","https:\/\/www.linkedin.com\/company\/vosskodobrasil\/"]}]}},"_links":{"self":[{"href":"https:\/\/www.vosskodobrasil.com.br\/novo\/wp-json\/wp\/v2\/pages\/53","targetHints":{"allow":["GET"]}}],"collection":[{"href":"https:\/\/www.vosskodobrasil.com.br\/novo\/wp-json\/wp\/v2\/pages"}],"about":[{"href":"https:\/\/www.vosskodobrasil.com.br\/novo\/wp-json\/wp\/v2\/types\/page"}],"author":[{"embeddable":true,"href":"https:\/\/www.vosskodobrasil.com.br\/novo\/wp-json\/wp\/v2\/users\/2"}],"replies":[{"embeddable":true,"href":"https:\/\/www.vosskodobrasil.com.br\/novo\/wp-json\/wp\/v2\/comments?post=53"}],"version-history":[{"count":11,"href":"https:\/\/www.vosskodobrasil.com.br\/novo\/wp-json\/wp\/v2\/pages\/53\/revisions"}],"predecessor-version":[{"id":1305,"href":"https:\/\/www.vosskodobrasil.com.br\/novo\/wp-json\/wp\/v2\/pages\/53\/revisions\/1305"}],"wp:attachment":[{"href":"https:\/\/www.vosskodobrasil.com.br\/novo\/wp-json\/wp\/v2\/media?parent=53"}],"curies":[{"name":"wp","href":"https:\/\/api.w.org\/{rel}","templated":true}]}}