{"id":45,"date":"2024-03-11T17:08:40","date_gmt":"2024-03-11T20:08:40","guid":{"rendered":"https:\/\/vosskodobrasil.com.br\/novo\/?page_id=45"},"modified":"2024-06-20T17:31:53","modified_gmt":"2024-06-20T20:31:53","slug":"nossa-historia","status":"publish","type":"page","link":"https:\/\/www.vosskodobrasil.com.br\/novo\/nossa-historia\/","title":{"rendered":"Nossa Hist\u00f3ria"},"content":{"rendered":"\t\t<div data-elementor-type=\"wp-page\" data-elementor-id=\"45\" class=\"elementor elementor-45\" data-elementor-post-type=\"page\">\n\t\t\t\t<div class=\"elementor-element elementor-element-5f98d88 e-flex e-con-boxed e-con e-parent\" data-id=\"5f98d88\" data-element_type=\"container\" data-e-type=\"container\" data-settings=\"{&quot;background_background&quot;:&quot;gradient&quot;,&quot;shape_divider_bottom&quot;:&quot;waves&quot;,&quot;shape_divider_bottom_negative&quot;:&quot;yes&quot;}\">\n\t\t\t\t\t<div class=\"e-con-inner\">\n\t\t\t\t<div class=\"elementor-shape elementor-shape-bottom\" aria-hidden=\"true\" data-negative=\"true\">\n\t\t\t<svg xmlns=\"http:\/\/www.w3.org\/2000\/svg\" viewBox=\"0 0 1000 100\" preserveAspectRatio=\"none\">\n\t<path class=\"elementor-shape-fill\" d=\"M790.5,93.1c-59.3-5.3-116.8-18-192.6-50c-29.6-12.7-76.9-31-100.5-35.9c-23.6-4.9-52.6-7.8-75.5-5.3\n\tc-10.2,1.1-22.6,1.4-50.1,7.4c-27.2,6.3-58.2,16.6-79.4,24.7c-41.3,15.9-94.9,21.9-134,22.6C72,58.2,0,25.8,0,25.8V100h1000V65.3\n\tc0,0-51.5,19.4-106.2,25.7C839.5,97,814.1,95.2,790.5,93.1z\"\/>\n<\/svg>\t\t<\/div>\n\t\t<div class=\"elementor-element elementor-element-f472660 e-con-full e-flex elementor-invisible e-con e-child\" data-id=\"f472660\" data-element_type=\"container\" data-e-type=\"container\" data-settings=\"{&quot;animation&quot;:&quot;fadeInLeft&quot;}\">\n\t\t\t\t<\/div>\n\t\t<div class=\"elementor-element elementor-element-07d7345 e-con-full elementor-hidden-tablet elementor-hidden-mobile e-flex e-con e-child\" data-id=\"07d7345\" data-element_type=\"container\" data-e-type=\"container\">\n\t\t\t\t<\/div>\n\t\t\t\t\t<\/div>\n\t\t\t\t<\/div>\n\t\t<div class=\"elementor-element elementor-element-7968eb4 e-flex e-con-boxed e-con e-parent\" data-id=\"7968eb4\" data-element_type=\"container\" data-e-type=\"container\">\n\t\t\t\t\t<div class=\"e-con-inner\">\n\t\t\t\t<div class=\"elementor-element elementor-element-0418a57 elementor-invisible elementor-widget elementor-widget-image\" data-id=\"0418a57\" data-element_type=\"widget\" data-e-type=\"widget\" data-settings=\"{&quot;_animation&quot;:&quot;fadeInDown&quot;}\" data-widget_type=\"image.default\">\n\t\t\t\t<div class=\"elementor-widget-container\">\n\t\t\t\t\t\t\t\t\t\t\t\t\t\t\t<img fetchpriority=\"high\" decoding=\"async\" width=\"1811\" height=\"352\" src=\"https:\/\/www.vosskodobrasil.com.br\/novo\/wp-content\/uploads\/2024\/05\/Screenshot-2024-05-15-at-21-50-06-Apresentacao-Vossko-do-Brasil.png\" class=\"attachment-full size-full wp-image-990\" alt=\"\" srcset=\"https:\/\/www.vosskodobrasil.com.br\/novo\/wp-content\/uploads\/2024\/05\/Screenshot-2024-05-15-at-21-50-06-Apresentacao-Vossko-do-Brasil.png 1811w, https:\/\/www.vosskodobrasil.com.br\/novo\/wp-content\/uploads\/2024\/05\/Screenshot-2024-05-15-at-21-50-06-Apresentacao-Vossko-do-Brasil-300x58.png 300w, https:\/\/www.vosskodobrasil.com.br\/novo\/wp-content\/uploads\/2024\/05\/Screenshot-2024-05-15-at-21-50-06-Apresentacao-Vossko-do-Brasil-1024x199.png 1024w, https:\/\/www.vosskodobrasil.com.br\/novo\/wp-content\/uploads\/2024\/05\/Screenshot-2024-05-15-at-21-50-06-Apresentacao-Vossko-do-Brasil-768x149.png 768w, https:\/\/www.vosskodobrasil.com.br\/novo\/wp-content\/uploads\/2024\/05\/Screenshot-2024-05-15-at-21-50-06-Apresentacao-Vossko-do-Brasil-1536x299.png 1536w\" sizes=\"(max-width: 1811px) 100vw, 1811px\" \/>\t\t\t\t\t\t\t\t\t\t\t\t\t\t\t<\/div>\n\t\t\t\t<\/div>\n\t\t\t\t\t<\/div>\n\t\t\t\t<\/div>\n\t\t<div class=\"elementor-element elementor-element-8926fe9 e-flex e-con-boxed e-con e-parent\" data-id=\"8926fe9\" data-element_type=\"container\" data-e-type=\"container\">\n\t\t\t\t\t<div class=\"e-con-inner\">\n\t\t<div class=\"elementor-element elementor-element-d958bea e-con-full e-flex elementor-invisible e-con e-child\" data-id=\"d958bea\" data-element_type=\"container\" data-e-type=\"container\" data-settings=\"{&quot;animation&quot;:&quot;fadeInLeft&quot;}\">\n\t\t\t\t<div class=\"elementor-element elementor-element-65875a2 elementor-widget elementor-widget-text-editor\" data-id=\"65875a2\" data-element_type=\"widget\" data-e-type=\"widget\" data-widget_type=\"text-editor.default\">\n\t\t\t\t<div class=\"elementor-widget-container\">\n\t\t\t\t\t\t\t\t\t<p>A Vossko \u00e9 uma empresa alem\u00e3, nossa matriz est\u00e1 situada em Ostbevern, munic\u00edpio localizado no distrito de Warendorf, regi\u00e3o administrativa de M\u00fcnster, estado da Ren\u00e2nia do Norte-Vestef\u00e1lia.<\/p>\t\t\t\t\t\t\t\t<\/div>\n\t\t\t\t<\/div>\n\t\t\t\t<div class=\"elementor-element elementor-element-8aa2df7 elementor-widget elementor-widget-text-editor\" data-id=\"8aa2df7\" data-element_type=\"widget\" data-e-type=\"widget\" data-widget_type=\"text-editor.default\">\n\t\t\t\t<div class=\"elementor-widget-container\">\n\t\t\t\t\t\t\t\t\t<p>Fundada em 1982, por Bernhard e Maria Vossk\u00f6tter, a empresa permanece familiar, administrada atualmente pelos filhos do casal, Dietmar e Clemens.<\/p>\t\t\t\t\t\t\t\t<\/div>\n\t\t\t\t<\/div>\n\t\t\t\t<\/div>\n\t\t<div class=\"elementor-element elementor-element-6fb3347 e-con-full e-flex elementor-invisible e-con e-child\" data-id=\"6fb3347\" data-element_type=\"container\" data-e-type=\"container\" data-settings=\"{&quot;animation&quot;:&quot;fadeInRight&quot;}\">\n\t\t\t\t<div class=\"elementor-element elementor-element-a6e9266 elementor-widget elementor-widget-image\" data-id=\"a6e9266\" data-element_type=\"widget\" data-e-type=\"widget\" data-widget_type=\"image.default\">\n\t\t\t\t<div class=\"elementor-widget-container\">\n\t\t\t\t\t\t\t\t\t\t\t\t\t\t\t<img decoding=\"async\" width=\"800\" height=\"304\" src=\"https:\/\/www.vosskodobrasil.com.br\/novo\/wp-content\/uploads\/2024\/03\/staticmap-1024x389.png\" class=\"attachment-large size-large wp-image-430\" alt=\"\" srcset=\"https:\/\/www.vosskodobrasil.com.br\/novo\/wp-content\/uploads\/2024\/03\/staticmap-1024x389.png 1024w, https:\/\/www.vosskodobrasil.com.br\/novo\/wp-content\/uploads\/2024\/03\/staticmap-300x114.png 300w, https:\/\/www.vosskodobrasil.com.br\/novo\/wp-content\/uploads\/2024\/03\/staticmap-768x292.png 768w, https:\/\/www.vosskodobrasil.com.br\/novo\/wp-content\/uploads\/2024\/03\/staticmap.png 1080w\" sizes=\"(max-width: 800px) 100vw, 800px\" \/>\t\t\t\t\t\t\t\t\t\t\t\t\t\t\t<\/div>\n\t\t\t\t<\/div>\n\t\t\t\t<\/div>\n\t\t\t\t\t<\/div>\n\t\t\t\t<\/div>\n\t\t<div class=\"elementor-element elementor-element-aee7473 e-flex e-con-boxed e-con e-parent\" data-id=\"aee7473\" data-element_type=\"container\" data-e-type=\"container\">\n\t\t\t\t\t<div class=\"e-con-inner\">\n\t\t<div class=\"elementor-element elementor-element-2fce79d e-con-full e-flex elementor-invisible e-con e-child\" data-id=\"2fce79d\" data-element_type=\"container\" data-e-type=\"container\" data-settings=\"{&quot;animation&quot;:&quot;fadeInLeft&quot;}\">\n\t\t\t\t<div class=\"elementor-element elementor-element-7790d05 elementor-widget elementor-widget-video\" data-id=\"7790d05\" data-element_type=\"widget\" data-e-type=\"widget\" data-settings=\"{&quot;video_type&quot;:&quot;hosted&quot;,&quot;controls&quot;:&quot;yes&quot;}\" data-widget_type=\"video.default\">\n\t\t\t\t<div class=\"elementor-widget-container\">\n\t\t\t\t\t\t\t<div class=\"e-hosted-video elementor-wrapper elementor-open-inline\">\n\t\t\t\t\t<video class=\"elementor-video\" src=\"https:\/\/vosskodobrasil.com.br\/novo\/wp-content\/uploads\/2024\/03\/Vossko-do-Brasil.mp4\" controls=\"\" preload=\"metadata\" controlsList=\"nodownload\"><\/video>\n\t\t\t\t<\/div>\n\t\t\t\t\t\t<\/div>\n\t\t\t\t<\/div>\n\t\t\t\t<\/div>\n\t\t<div class=\"elementor-element elementor-element-ba076e7 e-con-full e-flex elementor-invisible e-con e-child\" data-id=\"ba076e7\" data-element_type=\"container\" data-e-type=\"container\" data-settings=\"{&quot;animation&quot;:&quot;fadeInRight&quot;}\">\n\t\t\t\t<div class=\"elementor-element elementor-element-2f2681b elementor-widget elementor-widget-text-editor\" data-id=\"2f2681b\" data-element_type=\"widget\" data-e-type=\"widget\" data-widget_type=\"text-editor.default\">\n\t\t\t\t<div class=\"elementor-widget-container\">\n\t\t\t\t\t\t\t\t\t<p>Consolidada no mercado Europeu, a Vossko \u00e9 sin\u00f4nimo de excel\u00eancia. Com o foco constantemente<br \/>voltado para o cliente, tem como filosofia honrar seus valores produzindo alimentos com qualidade,<br \/>pr\u00e1ticos e personalizados.<\/p>\t\t\t\t\t\t\t\t<\/div>\n\t\t\t\t<\/div>\n\t\t\t\t<\/div>\n\t\t\t\t\t<\/div>\n\t\t\t\t<\/div>\n\t\t<div class=\"elementor-element elementor-element-f177428 e-flex e-con-boxed e-con e-parent\" data-id=\"f177428\" data-element_type=\"container\" data-e-type=\"container\">\n\t\t\t\t\t<div class=\"e-con-inner\">\n\t\t<div class=\"elementor-element elementor-element-6343be9 e-con-full e-flex elementor-invisible e-con e-child\" data-id=\"6343be9\" data-element_type=\"container\" data-e-type=\"container\" data-settings=\"{&quot;animation&quot;:&quot;fadeInLeft&quot;}\">\n\t\t\t\t<div class=\"elementor-element elementor-element-2a701bb elementor-widget elementor-widget-text-editor\" data-id=\"2a701bb\" data-element_type=\"widget\" data-e-type=\"widget\" data-widget_type=\"text-editor.default\">\n\t\t\t\t<div class=\"elementor-widget-container\">\n\t\t\t\t\t\t\t\t\t<p>Devido ao sucesso dos neg\u00f3cios na Alemanha, a Vossko resolveu abrir uma filial no Brasil. A cidade de Lages, no planalto catarinense, foi escolhida para comportar as instala\u00e7\u00f5es da nova f\u00e1brica. Assim, em janeiro de 2003, iniciou-se a constru\u00e7\u00e3o da Vossko do Brasil, que em outubro do mesmo ano deu in\u00edcio \u00e0s suas atividades. Com o passar dos anos, a f\u00e1brica foi expandindo e adquirindo certificados reconhecidos internacionalmente. Hoje, a filial brasileira conta com entorno de 500 colaboradores, produzindo mais de 2.000 toneladas\/m\u00eas em 4 linhas produtivas.<\/p>\t\t\t\t\t\t\t\t<\/div>\n\t\t\t\t<\/div>\n\t\t\t\t<div class=\"elementor-element elementor-element-6cc8d6c elementor-widget elementor-widget-text-editor\" data-id=\"6cc8d6c\" data-element_type=\"widget\" data-e-type=\"widget\" data-widget_type=\"text-editor.default\">\n\t\t\t\t<div class=\"elementor-widget-container\">\n\t\t\t\t\t\t\t\t\t<p>A Vossko do Brasil comercializa produtos a base de carne de frango congelado no mercado interno e externo. Por isso, possui um amplo sistema de gest\u00e3o de qualidade, visando sempre garantir a total seguran\u00e7a alimentar dos produtos, satisfazendo as necessidades e expectativas dos clientes e seus consumidores.<\/p>\t\t\t\t\t\t\t\t<\/div>\n\t\t\t\t<\/div>\n\t\t\t\t<div class=\"elementor-element elementor-element-a4d830b elementor-widget elementor-widget-button\" data-id=\"a4d830b\" data-element_type=\"widget\" data-e-type=\"widget\" data-widget_type=\"button.default\">\n\t\t\t\t<div class=\"elementor-widget-container\">\n\t\t\t\t\t\t\t\t\t<div class=\"elementor-button-wrapper\">\n\t\t\t\t\t<a class=\"elementor-button elementor-button-link elementor-size-sm elementor-animation-grow\" href=\"https:\/\/www.vosskodobrasil.com.br\/novo\/produtos\/\">\n\t\t\t\t\t\t<span class=\"elementor-button-content-wrapper\">\n\t\t\t\t\t\t\t\t\t<span class=\"elementor-button-text\">Ver produtos<\/span>\n\t\t\t\t\t<\/span>\n\t\t\t\t\t<\/a>\n\t\t\t\t<\/div>\n\t\t\t\t\t\t\t\t<\/div>\n\t\t\t\t<\/div>\n\t\t\t\t<\/div>\n\t\t<div class=\"elementor-element elementor-element-5b19019 e-con-full e-flex elementor-invisible e-con e-child\" data-id=\"5b19019\" data-element_type=\"container\" data-e-type=\"container\" data-settings=\"{&quot;animation&quot;:&quot;fadeInRight&quot;}\">\n\t\t\t\t<div class=\"elementor-element elementor-element-dc67f8b elementor-widget elementor-widget-image\" data-id=\"dc67f8b\" data-element_type=\"widget\" data-e-type=\"widget\" data-widget_type=\"image.default\">\n\t\t\t\t<div class=\"elementor-widget-container\">\n\t\t\t\t\t\t\t\t\t\t\t\t\t\t\t<img decoding=\"async\" width=\"300\" height=\"214\" src=\"https:\/\/www.vosskodobrasil.com.br\/novo\/wp-content\/uploads\/2024\/03\/digitalizar0009-1_edited-300x214-1.jpg\" class=\"attachment-large size-large wp-image-433\" alt=\"\" \/>\t\t\t\t\t\t\t\t\t\t\t\t\t\t\t<\/div>\n\t\t\t\t<\/div>\n\t\t\t\t<div class=\"elementor-element elementor-element-1d74759 elementor-widget elementor-widget-image\" data-id=\"1d74759\" data-element_type=\"widget\" data-e-type=\"widget\" data-widget_type=\"image.default\">\n\t\t\t\t<div class=\"elementor-widget-container\">\n\t\t\t\t\t\t\t\t\t\t\t\t\t\t\t<img loading=\"lazy\" decoding=\"async\" width=\"300\" height=\"225\" src=\"https:\/\/www.vosskodobrasil.com.br\/novo\/wp-content\/uploads\/2024\/03\/Captura-de-tela-2021-03-18-115636-300x225-1.jpg\" class=\"attachment-large size-large wp-image-432\" alt=\"\" \/>\t\t\t\t\t\t\t\t\t\t\t\t\t\t\t<\/div>\n\t\t\t\t<\/div>\n\t\t\t\t<\/div>\n\t\t\t\t\t<\/div>\n\t\t\t\t<\/div>\n\t\t\t\t<\/div>\n\t\t","protected":false},"excerpt":{"rendered":"<p>A Vossko \u00e9 uma empresa alem\u00e3, nossa matriz est\u00e1 situada em Ostbevern, munic\u00edpio localizado no distrito de Warendorf, regi\u00e3o administrativa de M\u00fcnster, estado da Ren\u00e2nia do Norte-Vestef\u00e1lia. Fundada em 1982, por Bernhard e Maria Vossk\u00f6tter, a empresa permanece familiar, administrada atualmente pelos filhos do casal, Dietmar e Clemens. https:\/\/vosskodobrasil.com.br\/novo\/wp-content\/uploads\/2024\/03\/Vossko-do-Brasil.mp4 Consolidada no mercado Europeu, a Vossko [&hellip;]<\/p>\n","protected":false},"author":2,"featured_media":0,"parent":0,"menu_order":0,"comment_status":"closed","ping_status":"closed","template":"elementor_header_footer","meta":{"_acf_changed":false,"_monsterinsights_skip_tracking":false,"_monsterinsights_sitenote_active":false,"_monsterinsights_sitenote_note":"","_monsterinsights_sitenote_category":0,"footnotes":""},"class_list":["post-45","page","type-page","status-publish","hentry"],"acf":[],"yoast_head":"<!-- This site is optimized with the Yoast SEO plugin v27.4 - https:\/\/yoast.com\/product\/yoast-seo-wordpress\/ -->\n<title>Nossa Hist\u00f3ria - Vossko do Brasil<\/title>\n<meta name=\"robots\" content=\"index, follow, max-snippet:-1, max-image-preview:large, max-video-preview:-1\" \/>\n<link rel=\"canonical\" href=\"https:\/\/www.vosskodobrasil.com.br\/novo\/nossa-historia\/\" \/>\n<meta property=\"og:locale\" content=\"pt_BR\" \/>\n<meta property=\"og:type\" content=\"article\" \/>\n<meta property=\"og:title\" content=\"Nossa Hist\u00f3ria - Vossko do Brasil\" \/>\n<meta property=\"og:description\" content=\"A Vossko \u00e9 uma empresa alem\u00e3, nossa matriz est\u00e1 situada em Ostbevern, munic\u00edpio localizado no distrito de Warendorf, regi\u00e3o administrativa de M\u00fcnster, estado da Ren\u00e2nia do Norte-Vestef\u00e1lia. Fundada em 1982, por Bernhard e Maria Vossk\u00f6tter, a empresa permanece familiar, administrada atualmente pelos filhos do casal, Dietmar e Clemens. https:\/\/vosskodobrasil.com.br\/novo\/wp-content\/uploads\/2024\/03\/Vossko-do-Brasil.mp4 Consolidada no mercado Europeu, a Vossko [&hellip;]\" \/>\n<meta property=\"og:url\" content=\"https:\/\/www.vosskodobrasil.com.br\/novo\/nossa-historia\/\" \/>\n<meta property=\"og:site_name\" content=\"Vossko do Brasil\" \/>\n<meta property=\"article:publisher\" content=\"https:\/\/www.facebook.com\/vosskodobrasil\/\" \/>\n<meta property=\"article:modified_time\" content=\"2024-06-20T20:31:53+00:00\" \/>\n<meta property=\"og:image\" content=\"https:\/\/vosskodobrasil.com.br\/novo\/wp-content\/uploads\/2024\/05\/Screenshot-2024-05-15-at-21-50-06-Apresentacao-Vossko-do-Brasil.png\" \/>\n<meta name=\"twitter:card\" content=\"summary_large_image\" \/>\n<meta name=\"twitter:label1\" content=\"Est. tempo de leitura\" \/>\n\t<meta name=\"twitter:data1\" content=\"2 minutos\" \/>\n<script type=\"application\/ld+json\" class=\"yoast-schema-graph\">{\"@context\":\"https:\\\/\\\/schema.org\",\"@graph\":[{\"@type\":\"WebPage\",\"@id\":\"https:\\\/\\\/www.vosskodobrasil.com.br\\\/novo\\\/nossa-historia\\\/\",\"url\":\"https:\\\/\\\/www.vosskodobrasil.com.br\\\/novo\\\/nossa-historia\\\/\",\"name\":\"Nossa Hist\u00f3ria - Vossko do Brasil\",\"isPartOf\":{\"@id\":\"https:\\\/\\\/www.vosskodobrasil.com.br\\\/novo\\\/#website\"},\"primaryImageOfPage\":{\"@id\":\"https:\\\/\\\/www.vosskodobrasil.com.br\\\/novo\\\/nossa-historia\\\/#primaryimage\"},\"image\":{\"@id\":\"https:\\\/\\\/www.vosskodobrasil.com.br\\\/novo\\\/nossa-historia\\\/#primaryimage\"},\"thumbnailUrl\":\"https:\\\/\\\/vosskodobrasil.com.br\\\/novo\\\/wp-content\\\/uploads\\\/2024\\\/05\\\/Screenshot-2024-05-15-at-21-50-06-Apresentacao-Vossko-do-Brasil.png\",\"datePublished\":\"2024-03-11T20:08:40+00:00\",\"dateModified\":\"2024-06-20T20:31:53+00:00\",\"breadcrumb\":{\"@id\":\"https:\\\/\\\/www.vosskodobrasil.com.br\\\/novo\\\/nossa-historia\\\/#breadcrumb\"},\"inLanguage\":\"pt-BR\",\"potentialAction\":[{\"@type\":\"ReadAction\",\"target\":[\"https:\\\/\\\/www.vosskodobrasil.com.br\\\/novo\\\/nossa-historia\\\/\"]}]},{\"@type\":\"ImageObject\",\"inLanguage\":\"pt-BR\",\"@id\":\"https:\\\/\\\/www.vosskodobrasil.com.br\\\/novo\\\/nossa-historia\\\/#primaryimage\",\"url\":\"https:\\\/\\\/vosskodobrasil.com.br\\\/novo\\\/wp-content\\\/uploads\\\/2024\\\/05\\\/Screenshot-2024-05-15-at-21-50-06-Apresentacao-Vossko-do-Brasil.png\",\"contentUrl\":\"https:\\\/\\\/vosskodobrasil.com.br\\\/novo\\\/wp-content\\\/uploads\\\/2024\\\/05\\\/Screenshot-2024-05-15-at-21-50-06-Apresentacao-Vossko-do-Brasil.png\"},{\"@type\":\"BreadcrumbList\",\"@id\":\"https:\\\/\\\/www.vosskodobrasil.com.br\\\/novo\\\/nossa-historia\\\/#breadcrumb\",\"itemListElement\":[{\"@type\":\"ListItem\",\"position\":1,\"name\":\"In\u00edcio\",\"item\":\"https:\\\/\\\/www.vosskodobrasil.com.br\\\/novo\\\/\"},{\"@type\":\"ListItem\",\"position\":2,\"name\":\"Nossa Hist\u00f3ria\"}]},{\"@type\":\"WebSite\",\"@id\":\"https:\\\/\\\/www.vosskodobrasil.com.br\\\/novo\\\/#website\",\"url\":\"https:\\\/\\\/www.vosskodobrasil.com.br\\\/novo\\\/\",\"name\":\"Vossko do Brasil\",\"description\":\"Somos especialistas em produtos congelados\",\"publisher\":{\"@id\":\"https:\\\/\\\/www.vosskodobrasil.com.br\\\/novo\\\/#organization\"},\"potentialAction\":[{\"@type\":\"SearchAction\",\"target\":{\"@type\":\"EntryPoint\",\"urlTemplate\":\"https:\\\/\\\/www.vosskodobrasil.com.br\\\/novo\\\/?s={search_term_string}\"},\"query-input\":{\"@type\":\"PropertyValueSpecification\",\"valueRequired\":true,\"valueName\":\"search_term_string\"}}],\"inLanguage\":\"pt-BR\"},{\"@type\":\"Organization\",\"@id\":\"https:\\\/\\\/www.vosskodobrasil.com.br\\\/novo\\\/#organization\",\"name\":\"Vossko do Brasil\",\"url\":\"https:\\\/\\\/www.vosskodobrasil.com.br\\\/novo\\\/\",\"logo\":{\"@type\":\"ImageObject\",\"inLanguage\":\"pt-BR\",\"@id\":\"https:\\\/\\\/www.vosskodobrasil.com.br\\\/novo\\\/#\\\/schema\\\/logo\\\/image\\\/\",\"url\":\"https:\\\/\\\/www.vosskodobrasil.com.br\\\/novo\\\/wp-content\\\/uploads\\\/2024\\\/02\\\/vossko-logo.webp\",\"contentUrl\":\"https:\\\/\\\/www.vosskodobrasil.com.br\\\/novo\\\/wp-content\\\/uploads\\\/2024\\\/02\\\/vossko-logo.webp\",\"width\":800,\"height\":443,\"caption\":\"Vossko do Brasil\"},\"image\":{\"@id\":\"https:\\\/\\\/www.vosskodobrasil.com.br\\\/novo\\\/#\\\/schema\\\/logo\\\/image\\\/\"},\"sameAs\":[\"https:\\\/\\\/www.facebook.com\\\/vosskodobrasil\\\/\",\"https:\\\/\\\/www.instagram.com\\\/vosskodobrasil\\\/\",\"https:\\\/\\\/www.linkedin.com\\\/company\\\/vosskodobrasil\\\/\"]}]}<\/script>\n<!-- \/ Yoast SEO plugin. -->","yoast_head_json":{"title":"Nossa Hist\u00f3ria - Vossko do Brasil","robots":{"index":"index","follow":"follow","max-snippet":"max-snippet:-1","max-image-preview":"max-image-preview:large","max-video-preview":"max-video-preview:-1"},"canonical":"https:\/\/www.vosskodobrasil.com.br\/novo\/nossa-historia\/","og_locale":"pt_BR","og_type":"article","og_title":"Nossa Hist\u00f3ria - Vossko do Brasil","og_description":"A Vossko \u00e9 uma empresa alem\u00e3, nossa matriz est\u00e1 situada em Ostbevern, munic\u00edpio localizado no distrito de Warendorf, regi\u00e3o administrativa de M\u00fcnster, estado da Ren\u00e2nia do Norte-Vestef\u00e1lia. Fundada em 1982, por Bernhard e Maria Vossk\u00f6tter, a empresa permanece familiar, administrada atualmente pelos filhos do casal, Dietmar e Clemens. https:\/\/vosskodobrasil.com.br\/novo\/wp-content\/uploads\/2024\/03\/Vossko-do-Brasil.mp4 Consolidada no mercado Europeu, a Vossko [&hellip;]","og_url":"https:\/\/www.vosskodobrasil.com.br\/novo\/nossa-historia\/","og_site_name":"Vossko do Brasil","article_publisher":"https:\/\/www.facebook.com\/vosskodobrasil\/","article_modified_time":"2024-06-20T20:31:53+00:00","og_image":[{"url":"https:\/\/vosskodobrasil.com.br\/novo\/wp-content\/uploads\/2024\/05\/Screenshot-2024-05-15-at-21-50-06-Apresentacao-Vossko-do-Brasil.png","type":"","width":"","height":""}],"twitter_card":"summary_large_image","twitter_misc":{"Est. tempo de leitura":"2 minutos"},"schema":{"@context":"https:\/\/schema.org","@graph":[{"@type":"WebPage","@id":"https:\/\/www.vosskodobrasil.com.br\/novo\/nossa-historia\/","url":"https:\/\/www.vosskodobrasil.com.br\/novo\/nossa-historia\/","name":"Nossa Hist\u00f3ria - Vossko do Brasil","isPartOf":{"@id":"https:\/\/www.vosskodobrasil.com.br\/novo\/#website"},"primaryImageOfPage":{"@id":"https:\/\/www.vosskodobrasil.com.br\/novo\/nossa-historia\/#primaryimage"},"image":{"@id":"https:\/\/www.vosskodobrasil.com.br\/novo\/nossa-historia\/#primaryimage"},"thumbnailUrl":"https:\/\/vosskodobrasil.com.br\/novo\/wp-content\/uploads\/2024\/05\/Screenshot-2024-05-15-at-21-50-06-Apresentacao-Vossko-do-Brasil.png","datePublished":"2024-03-11T20:08:40+00:00","dateModified":"2024-06-20T20:31:53+00:00","breadcrumb":{"@id":"https:\/\/www.vosskodobrasil.com.br\/novo\/nossa-historia\/#breadcrumb"},"inLanguage":"pt-BR","potentialAction":[{"@type":"ReadAction","target":["https:\/\/www.vosskodobrasil.com.br\/novo\/nossa-historia\/"]}]},{"@type":"ImageObject","inLanguage":"pt-BR","@id":"https:\/\/www.vosskodobrasil.com.br\/novo\/nossa-historia\/#primaryimage","url":"https:\/\/vosskodobrasil.com.br\/novo\/wp-content\/uploads\/2024\/05\/Screenshot-2024-05-15-at-21-50-06-Apresentacao-Vossko-do-Brasil.png","contentUrl":"https:\/\/vosskodobrasil.com.br\/novo\/wp-content\/uploads\/2024\/05\/Screenshot-2024-05-15-at-21-50-06-Apresentacao-Vossko-do-Brasil.png"},{"@type":"BreadcrumbList","@id":"https:\/\/www.vosskodobrasil.com.br\/novo\/nossa-historia\/#breadcrumb","itemListElement":[{"@type":"ListItem","position":1,"name":"In\u00edcio","item":"https:\/\/www.vosskodobrasil.com.br\/novo\/"},{"@type":"ListItem","position":2,"name":"Nossa Hist\u00f3ria"}]},{"@type":"WebSite","@id":"https:\/\/www.vosskodobrasil.com.br\/novo\/#website","url":"https:\/\/www.vosskodobrasil.com.br\/novo\/","name":"Vossko do Brasil","description":"Somos especialistas em produtos congelados","publisher":{"@id":"https:\/\/www.vosskodobrasil.com.br\/novo\/#organization"},"potentialAction":[{"@type":"SearchAction","target":{"@type":"EntryPoint","urlTemplate":"https:\/\/www.vosskodobrasil.com.br\/novo\/?s={search_term_string}"},"query-input":{"@type":"PropertyValueSpecification","valueRequired":true,"valueName":"search_term_string"}}],"inLanguage":"pt-BR"},{"@type":"Organization","@id":"https:\/\/www.vosskodobrasil.com.br\/novo\/#organization","name":"Vossko do Brasil","url":"https:\/\/www.vosskodobrasil.com.br\/novo\/","logo":{"@type":"ImageObject","inLanguage":"pt-BR","@id":"https:\/\/www.vosskodobrasil.com.br\/novo\/#\/schema\/logo\/image\/","url":"https:\/\/www.vosskodobrasil.com.br\/novo\/wp-content\/uploads\/2024\/02\/vossko-logo.webp","contentUrl":"https:\/\/www.vosskodobrasil.com.br\/novo\/wp-content\/uploads\/2024\/02\/vossko-logo.webp","width":800,"height":443,"caption":"Vossko do Brasil"},"image":{"@id":"https:\/\/www.vosskodobrasil.com.br\/novo\/#\/schema\/logo\/image\/"},"sameAs":["https:\/\/www.facebook.com\/vosskodobrasil\/","https:\/\/www.instagram.com\/vosskodobrasil\/","https:\/\/www.linkedin.com\/company\/vosskodobrasil\/"]}]}},"_links":{"self":[{"href":"https:\/\/www.vosskodobrasil.com.br\/novo\/wp-json\/wp\/v2\/pages\/45","targetHints":{"allow":["GET"]}}],"collection":[{"href":"https:\/\/www.vosskodobrasil.com.br\/novo\/wp-json\/wp\/v2\/pages"}],"about":[{"href":"https:\/\/www.vosskodobrasil.com.br\/novo\/wp-json\/wp\/v2\/types\/page"}],"author":[{"embeddable":true,"href":"https:\/\/www.vosskodobrasil.com.br\/novo\/wp-json\/wp\/v2\/users\/2"}],"replies":[{"embeddable":true,"href":"https:\/\/www.vosskodobrasil.com.br\/novo\/wp-json\/wp\/v2\/comments?post=45"}],"version-history":[{"count":14,"href":"https:\/\/www.vosskodobrasil.com.br\/novo\/wp-json\/wp\/v2\/pages\/45\/revisions"}],"predecessor-version":[{"id":1254,"href":"https:\/\/www.vosskodobrasil.com.br\/novo\/wp-json\/wp\/v2\/pages\/45\/revisions\/1254"}],"wp:attachment":[{"href":"https:\/\/www.vosskodobrasil.com.br\/novo\/wp-json\/wp\/v2\/media?parent=45"}],"curies":[{"name":"wp","href":"https:\/\/api.w.org\/{rel}","templated":true}]}}