{"id":1635,"date":"2024-07-10T17:44:17","date_gmt":"2024-07-10T20:44:17","guid":{"rendered":"https:\/\/www.vosskodobrasil.com.br\/novo\/?page_id=1635"},"modified":"2026-03-20T07:56:18","modified_gmt":"2026-03-20T10:56:18","slug":"relatorio-de-transparencia-salarial","status":"publish","type":"page","link":"https:\/\/www.vosskodobrasil.com.br\/novo\/relatorio-de-transparencia-salarial\/","title":{"rendered":"Relat\u00f3rio de Transpar\u00eancia Salarial"},"content":{"rendered":"\t\t<div data-elementor-type=\"wp-page\" data-elementor-id=\"1635\" class=\"elementor elementor-1635\" data-elementor-post-type=\"page\">\n\t\t\t\t<div class=\"elementor-element elementor-element-8b15bf0 e-flex e-con-boxed e-con e-parent\" data-id=\"8b15bf0\" data-element_type=\"container\" data-e-type=\"container\" data-settings=\"{&quot;background_background&quot;:&quot;gradient&quot;,&quot;shape_divider_bottom&quot;:&quot;waves&quot;,&quot;shape_divider_bottom_negative&quot;:&quot;yes&quot;}\">\n\t\t\t\t\t<div class=\"e-con-inner\">\n\t\t\t\t<div class=\"elementor-shape elementor-shape-bottom\" aria-hidden=\"true\" data-negative=\"true\">\n\t\t\t<svg xmlns=\"http:\/\/www.w3.org\/2000\/svg\" viewBox=\"0 0 1000 100\" preserveAspectRatio=\"none\">\n\t<path class=\"elementor-shape-fill\" d=\"M790.5,93.1c-59.3-5.3-116.8-18-192.6-50c-29.6-12.7-76.9-31-100.5-35.9c-23.6-4.9-52.6-7.8-75.5-5.3\n\tc-10.2,1.1-22.6,1.4-50.1,7.4c-27.2,6.3-58.2,16.6-79.4,24.7c-41.3,15.9-94.9,21.9-134,22.6C72,58.2,0,25.8,0,25.8V100h1000V65.3\n\tc0,0-51.5,19.4-106.2,25.7C839.5,97,814.1,95.2,790.5,93.1z\"\/>\n<\/svg>\t\t<\/div>\n\t\t<div class=\"elementor-element elementor-element-dcf0ee4 e-con-full e-flex elementor-invisible e-con e-child\" data-id=\"dcf0ee4\" data-element_type=\"container\" data-e-type=\"container\" data-settings=\"{&quot;animation&quot;:&quot;fadeInLeft&quot;}\">\n\t\t\t\t<\/div>\n\t\t<div class=\"elementor-element elementor-element-26f9238 e-con-full elementor-hidden-tablet elementor-hidden-mobile e-flex e-con e-child\" data-id=\"26f9238\" data-element_type=\"container\" data-e-type=\"container\">\n\t\t\t\t<\/div>\n\t\t\t\t\t<\/div>\n\t\t\t\t<\/div>\n\t\t<div class=\"elementor-element elementor-element-d653674 e-flex e-con-boxed e-con e-parent\" data-id=\"d653674\" data-element_type=\"container\" data-e-type=\"container\">\n\t\t\t\t\t<div class=\"e-con-inner\">\n\t\t<div class=\"elementor-element elementor-element-49477ca e-con-full e-flex elementor-invisible e-con e-child\" data-id=\"49477ca\" data-element_type=\"container\" data-e-type=\"container\" data-settings=\"{&quot;animation&quot;:&quot;fadeInLeft&quot;}\">\n\t\t<div class=\"elementor-element elementor-element-87ce929 e-con-full e-flex e-con e-child\" data-id=\"87ce929\" data-element_type=\"container\" data-e-type=\"container\">\n\t\t\t\t<div class=\"elementor-element elementor-element-046e4d4 elementor-widget elementor-widget-text-editor\" data-id=\"046e4d4\" data-element_type=\"widget\" data-e-type=\"widget\" data-widget_type=\"text-editor.default\">\n\t\t\t\t<div class=\"elementor-widget-container\">\n\t\t\t\t\t\t\t\t\t<div class=\"fusion-fullwidth fullwidth-box fusion-builder-row-3 fusion-flex-container has-pattern-background has-mask-background nonhundred-percent-fullwidth non-hundred-percent-height-scrolling\"><div class=\"fusion-builder-row fusion-row fusion-flex-align-items-flex-start fusion-flex-justify-content-center fusion-flex-content-wrap\"><div class=\"fusion-layout-column fusion_builder_column fusion-builder-column-3 fusion_builder_column_1_1 1_1 fusion-flex-column fusion-flex-align-self-stretch\"><div class=\"fusion-column-wrapper fusion-column-has-shadow fusion-flex-justify-content-center fusion-content-layout-column\"><div class=\"fusion-text fusion-text-1\"><p>Em cumprimento \u00e0 Lei n\u00ba 14.611 de 04 de julho de 2023, \u00e0 Portaria MTE N\u00ba 3.714 ao Decreto n\u00ba 11.795\/2023, bem como aos compromissos da Vossko para a promo\u00e7\u00e3o de pr\u00e1ticas de inclus\u00e3o e diversidade, divulgamos o nosso relat\u00f3rio de igualdade salarial.<\/p><p>\u00c9 importante saber que a CBO (Classifica\u00e7\u00e3o Brasileira de Ocupa\u00e7\u00f5es) \u00e9 um sistema que organiza e classifica as profiss\u00f5es existentes no Brasil, tendo sido utilizada como base para elabora\u00e7\u00e3o do relat\u00f3rio.<\/p><\/div><\/div><\/div><\/div><\/div>\t\t\t\t\t\t\t\t<\/div>\n\t\t\t\t<\/div>\n\t\t\t\t<div class=\"elementor-element elementor-element-afff897 elementor-widget elementor-widget-text-editor\" data-id=\"afff897\" data-element_type=\"widget\" data-e-type=\"widget\" data-widget_type=\"text-editor.default\">\n\t\t\t\t<div class=\"elementor-widget-container\">\n\t\t\t\t\t\t\t\t\t<div class=\"fusion-layout-column fusion_builder_column fusion-builder-column-4 fusion_builder_column_1_1 1_1 fusion-flex-column\"><div class=\"fusion-column-wrapper fusion-column-has-shadow fusion-flex-justify-content-flex-start fusion-content-layout-column\"><div class=\"fusion-title title fusion-title-3 fusion-sep-none fusion-title-text fusion-title-size-three\"><p class=\"fusion-title-heading title-heading-left fusion-responsive-typography-calculated\">Confira os relat\u00f3rios abaixo:<\/p><\/div><\/div><\/div>\t\t\t\t\t\t\t\t<\/div>\n\t\t\t\t<\/div>\n\t\t<div class=\"elementor-element elementor-element-3353eae e-con-full efeito-vidro e-flex e-con e-child\" data-id=\"3353eae\" data-element_type=\"container\" data-e-type=\"container\">\n\t\t\t\t<div class=\"elementor-element elementor-element-be8eab7 elementor-widget elementor-widget-text-editor\" data-id=\"be8eab7\" data-element_type=\"widget\" data-e-type=\"widget\" data-widget_type=\"text-editor.default\">\n\t\t\t\t<div class=\"elementor-widget-container\">\n\t\t\t\t\t\t\t\t\t<p>Relat\u00f3rio de Transpar\u00eancia e Igualdade Salarial de Mulheres e Homens &#8211; 1\u00ba Semestre 2026 CNPJ: 05532428000107<\/p>\t\t\t\t\t\t\t\t<\/div>\n\t\t\t\t<\/div>\n\t\t\t\t<div class=\"elementor-element elementor-element-ea0ae51 elementor-align-center elementor-widget elementor-widget-button\" data-id=\"ea0ae51\" data-element_type=\"widget\" data-e-type=\"widget\" data-widget_type=\"button.default\">\n\t\t\t\t<div class=\"elementor-widget-container\">\n\t\t\t\t\t\t\t\t\t<div class=\"elementor-button-wrapper\">\n\t\t\t\t\t<a class=\"elementor-button elementor-button-link elementor-size-sm elementor-animation-grow\" href=\"https:\/\/acrobat.adobe.com\/id\/urn:aaid:sc:US:f9a52355-3897-456c-b6e8-d03d1f0ec513\" target=\"_blank\">\n\t\t\t\t\t\t<span class=\"elementor-button-content-wrapper\">\n\t\t\t\t\t\t\t\t\t<span class=\"elementor-button-text\">Download<\/span>\n\t\t\t\t\t<\/span>\n\t\t\t\t\t<\/a>\n\t\t\t\t<\/div>\n\t\t\t\t\t\t\t\t<\/div>\n\t\t\t\t<\/div>\n\t\t\t\t<\/div>\n\t\t\t\t<\/div>\n\t\t\t\t<\/div>\n\t\t<div class=\"elementor-element elementor-element-63e0e17 e-con-full e-flex elementor-invisible e-con e-child\" data-id=\"63e0e17\" data-element_type=\"container\" data-e-type=\"container\" data-settings=\"{&quot;animation&quot;:&quot;fadeInRight&quot;}\">\n\t\t<div class=\"elementor-element elementor-element-7a2ff6d e-con-full e-flex elementor-invisible e-con e-child\" data-id=\"7a2ff6d\" data-element_type=\"container\" data-e-type=\"container\" data-settings=\"{&quot;animation&quot;:&quot;fadeInRight&quot;}\">\n\t\t<div class=\"elementor-element elementor-element-4cee08a e-con-full efeito-vidro e-flex e-con e-child\" data-id=\"4cee08a\" data-element_type=\"container\" data-e-type=\"container\">\n\t\t\t\t<div class=\"elementor-element elementor-element-59922ea elementor-widget elementor-widget-heading\" data-id=\"59922ea\" data-element_type=\"widget\" data-e-type=\"widget\" data-widget_type=\"heading.default\">\n\t\t\t\t<div class=\"elementor-widget-container\">\n\t\t\t\t\t<h2 class=\"elementor-heading-title elementor-size-default\">Entre em contato<\/h2>\t\t\t\t<\/div>\n\t\t\t\t<\/div>\n\t\t\t\t<div class=\"elementor-element elementor-element-d751940 elementor-button-align-stretch elementor-widget elementor-widget-form\" data-id=\"d751940\" data-element_type=\"widget\" data-e-type=\"widget\" data-settings=\"{&quot;step_next_label&quot;:&quot;Next&quot;,&quot;step_previous_label&quot;:&quot;Previous&quot;,&quot;button_width&quot;:&quot;100&quot;,&quot;step_type&quot;:&quot;number_text&quot;,&quot;step_icon_shape&quot;:&quot;circle&quot;}\" data-widget_type=\"form.default\">\n\t\t\t\t<div class=\"elementor-widget-container\">\n\t\t\t\t\t\t\t<form class=\"elementor-form\" method=\"post\" name=\"New Form\" aria-label=\"New Form\">\n\t\t\t<input type=\"hidden\" name=\"post_id\" value=\"1635\"\/>\n\t\t\t<input type=\"hidden\" name=\"form_id\" value=\"d751940\"\/>\n\t\t\t<input type=\"hidden\" name=\"referer_title\" value=\"Vossko do Brasil\" \/>\n\n\t\t\t\n\t\t\t<div class=\"elementor-form-fields-wrapper elementor-labels-above\">\n\t\t\t\t\t\t\t\t<div class=\"elementor-field-type-text elementor-field-group elementor-column elementor-field-group-name elementor-col-100 elementor-field-required\">\n\t\t\t\t\t\t\t\t\t\t\t\t<label for=\"form-field-name\" class=\"elementor-field-label\">\n\t\t\t\t\t\t\t\tNome\t\t\t\t\t\t\t<\/label>\n\t\t\t\t\t\t\t\t\t\t\t\t\t\t<input size=\"1\" type=\"text\" name=\"form_fields[name]\" id=\"form-field-name\" class=\"elementor-field elementor-size-sm  elementor-field-textual\" placeholder=\"Nome\" required=\"required\">\n\t\t\t\t\t\t\t\t\t\t\t<\/div>\n\t\t\t\t\t\t\t\t<div class=\"elementor-field-type-email elementor-field-group elementor-column elementor-field-group-email elementor-col-100 elementor-field-required\">\n\t\t\t\t\t\t\t\t\t\t\t\t<label for=\"form-field-email\" class=\"elementor-field-label\">\n\t\t\t\t\t\t\t\tEmail\t\t\t\t\t\t\t<\/label>\n\t\t\t\t\t\t\t\t\t\t\t\t\t\t<input size=\"1\" type=\"email\" name=\"form_fields[email]\" id=\"form-field-email\" class=\"elementor-field elementor-size-sm  elementor-field-textual\" placeholder=\"Email\" required=\"required\">\n\t\t\t\t\t\t\t\t\t\t\t<\/div>\n\t\t\t\t\t\t\t\t<div class=\"elementor-field-type-textarea elementor-field-group elementor-column elementor-field-group-message elementor-col-100 elementor-field-required\">\n\t\t\t\t\t\t\t\t\t\t\t\t<label for=\"form-field-message\" class=\"elementor-field-label\">\n\t\t\t\t\t\t\t\tMensagem\t\t\t\t\t\t\t<\/label>\n\t\t\t\t\t\t<textarea class=\"elementor-field-textual elementor-field  elementor-size-sm\" name=\"form_fields[message]\" id=\"form-field-message\" rows=\"4\" placeholder=\"Mensagem\" required=\"required\"><\/textarea>\t\t\t\t<\/div>\n\t\t\t\t\t\t\t\t<div class=\"elementor-field-group elementor-column elementor-field-type-submit elementor-col-100 e-form__buttons\">\n\t\t\t\t\t<button class=\"elementor-button elementor-size-sm\" type=\"submit\">\n\t\t\t\t\t\t<span class=\"elementor-button-content-wrapper\">\n\t\t\t\t\t\t\t\t\t\t\t\t\t\t\t\t\t\t\t\t\t\t<span class=\"elementor-button-text\">Enviar mensagem<\/span>\n\t\t\t\t\t\t\t\t\t\t\t\t\t<\/span>\n\t\t\t\t\t<\/button>\n\t\t\t\t<\/div>\n\t\t\t<\/div>\n\t\t<\/form>\n\t\t\t\t\t\t<\/div>\n\t\t\t\t<\/div>\n\t\t\t\t<\/div>\n\t\t\t\t<\/div>\n\t\t\t\t<\/div>\n\t\t\t\t\t<\/div>\n\t\t\t\t<\/div>\n\t\t<div class=\"elementor-element elementor-element-1125f07 e-flex e-con-boxed e-con e-parent\" data-id=\"1125f07\" data-element_type=\"container\" data-e-type=\"container\">\n\t\t\t\t\t<div class=\"e-con-inner\">\n\t\t\t\t<div class=\"elementor-element elementor-element-4d714d8 elementor-widget elementor-widget-image\" data-id=\"4d714d8\" data-element_type=\"widget\" data-e-type=\"widget\" data-widget_type=\"image.default\">\n\t\t\t\t<div class=\"elementor-widget-container\">\n\t\t\t\t\t\t\t\t\t\t\t\t\t\t\t<img decoding=\"async\" src=\"https:\/\/www.vosskodobrasil.com.br\/novo\/wp-content\/uploads\/2026\/03\/01-2026-1.pdf\" title=\"\" alt=\"\" loading=\"lazy\" \/>\t\t\t\t\t\t\t\t\t\t\t\t\t\t\t<\/div>\n\t\t\t\t<\/div>\n\t\t\t\t\t<\/div>\n\t\t\t\t<\/div>\n\t\t\t\t<\/div>\n\t\t","protected":false},"excerpt":{"rendered":"<p>Em cumprimento \u00e0 Lei n\u00ba 14.611 de 04 de julho de 2023, \u00e0 Portaria MTE N\u00ba 3.714 ao Decreto n\u00ba 11.795\/2023, bem como aos compromissos da Vossko para a promo\u00e7\u00e3o de pr\u00e1ticas de inclus\u00e3o e diversidade, divulgamos o nosso relat\u00f3rio de igualdade salarial. \u00c9 importante saber que a CBO (Classifica\u00e7\u00e3o Brasileira de Ocupa\u00e7\u00f5es) \u00e9 um [&hellip;]<\/p>\n","protected":false},"author":2,"featured_media":12372,"parent":0,"menu_order":0,"comment_status":"closed","ping_status":"closed","template":"","meta":{"_acf_changed":false,"_monsterinsights_skip_tracking":false,"_monsterinsights_sitenote_active":false,"_monsterinsights_sitenote_note":"","_monsterinsights_sitenote_category":0,"footnotes":""},"class_list":["post-1635","page","type-page","status-publish","has-post-thumbnail","hentry"],"acf":[],"yoast_head":"<!-- This site is optimized with the Yoast SEO plugin v27.4 - https:\/\/yoast.com\/product\/yoast-seo-wordpress\/ -->\n<title>Relat\u00f3rio de Transpar\u00eancia Salarial - Vossko do Brasil<\/title>\n<meta name=\"robots\" content=\"index, follow, max-snippet:-1, max-image-preview:large, max-video-preview:-1\" \/>\n<link rel=\"canonical\" href=\"https:\/\/www.vosskodobrasil.com.br\/novo\/relatorio-de-transparencia-salarial\/\" \/>\n<meta property=\"og:locale\" content=\"pt_BR\" \/>\n<meta property=\"og:type\" content=\"article\" \/>\n<meta property=\"og:title\" content=\"Relat\u00f3rio de Transpar\u00eancia Salarial - Vossko do Brasil\" \/>\n<meta property=\"og:description\" content=\"Em cumprimento \u00e0 Lei n\u00ba 14.611 de 04 de julho de 2023, \u00e0 Portaria MTE N\u00ba 3.714 ao Decreto n\u00ba 11.795\/2023, bem como aos compromissos da Vossko para a promo\u00e7\u00e3o de pr\u00e1ticas de inclus\u00e3o e diversidade, divulgamos o nosso relat\u00f3rio de igualdade salarial. \u00c9 importante saber que a CBO (Classifica\u00e7\u00e3o Brasileira de Ocupa\u00e7\u00f5es) \u00e9 um [&hellip;]\" \/>\n<meta property=\"og:url\" content=\"https:\/\/www.vosskodobrasil.com.br\/novo\/relatorio-de-transparencia-salarial\/\" \/>\n<meta property=\"og:site_name\" content=\"Vossko do Brasil\" \/>\n<meta property=\"article:publisher\" content=\"https:\/\/www.facebook.com\/vosskodobrasil\/\" \/>\n<meta property=\"article:modified_time\" content=\"2026-03-20T10:56:18+00:00\" \/>\n<meta name=\"twitter:card\" content=\"summary_large_image\" \/>\n<meta name=\"twitter:label1\" content=\"Est. tempo de leitura\" \/>\n\t<meta name=\"twitter:data1\" content=\"1 minuto\" \/>\n<script type=\"application\/ld+json\" class=\"yoast-schema-graph\">{\"@context\":\"https:\\\/\\\/schema.org\",\"@graph\":[{\"@type\":\"WebPage\",\"@id\":\"https:\\\/\\\/www.vosskodobrasil.com.br\\\/novo\\\/relatorio-de-transparencia-salarial\\\/\",\"url\":\"https:\\\/\\\/www.vosskodobrasil.com.br\\\/novo\\\/relatorio-de-transparencia-salarial\\\/\",\"name\":\"Relat\u00f3rio de Transpar\u00eancia Salarial - Vossko do Brasil\",\"isPartOf\":{\"@id\":\"https:\\\/\\\/www.vosskodobrasil.com.br\\\/novo\\\/#website\"},\"primaryImageOfPage\":{\"@id\":\"https:\\\/\\\/www.vosskodobrasil.com.br\\\/novo\\\/relatorio-de-transparencia-salarial\\\/#primaryimage\"},\"image\":{\"@id\":\"https:\\\/\\\/www.vosskodobrasil.com.br\\\/novo\\\/relatorio-de-transparencia-salarial\\\/#primaryimage\"},\"thumbnailUrl\":\"https:\\\/\\\/www.vosskodobrasil.com.br\\\/novo\\\/wp-content\\\/uploads\\\/2025\\\/09\\\/08.2025-3-pdf.jpg\",\"datePublished\":\"2024-07-10T20:44:17+00:00\",\"dateModified\":\"2026-03-20T10:56:18+00:00\",\"breadcrumb\":{\"@id\":\"https:\\\/\\\/www.vosskodobrasil.com.br\\\/novo\\\/relatorio-de-transparencia-salarial\\\/#breadcrumb\"},\"inLanguage\":\"pt-BR\",\"potentialAction\":[{\"@type\":\"ReadAction\",\"target\":[\"https:\\\/\\\/www.vosskodobrasil.com.br\\\/novo\\\/relatorio-de-transparencia-salarial\\\/\"]}]},{\"@type\":\"ImageObject\",\"inLanguage\":\"pt-BR\",\"@id\":\"https:\\\/\\\/www.vosskodobrasil.com.br\\\/novo\\\/relatorio-de-transparencia-salarial\\\/#primaryimage\",\"url\":\"https:\\\/\\\/www.vosskodobrasil.com.br\\\/novo\\\/wp-content\\\/uploads\\\/2025\\\/09\\\/08.2025-3-pdf.jpg\",\"contentUrl\":\"https:\\\/\\\/www.vosskodobrasil.com.br\\\/novo\\\/wp-content\\\/uploads\\\/2025\\\/09\\\/08.2025-3-pdf.jpg\"},{\"@type\":\"BreadcrumbList\",\"@id\":\"https:\\\/\\\/www.vosskodobrasil.com.br\\\/novo\\\/relatorio-de-transparencia-salarial\\\/#breadcrumb\",\"itemListElement\":[{\"@type\":\"ListItem\",\"position\":1,\"name\":\"In\u00edcio\",\"item\":\"https:\\\/\\\/www.vosskodobrasil.com.br\\\/novo\\\/\"},{\"@type\":\"ListItem\",\"position\":2,\"name\":\"Relat\u00f3rio de Transpar\u00eancia Salarial\"}]},{\"@type\":\"WebSite\",\"@id\":\"https:\\\/\\\/www.vosskodobrasil.com.br\\\/novo\\\/#website\",\"url\":\"https:\\\/\\\/www.vosskodobrasil.com.br\\\/novo\\\/\",\"name\":\"Vossko do Brasil\",\"description\":\"Somos especialistas em produtos congelados\",\"publisher\":{\"@id\":\"https:\\\/\\\/www.vosskodobrasil.com.br\\\/novo\\\/#organization\"},\"potentialAction\":[{\"@type\":\"SearchAction\",\"target\":{\"@type\":\"EntryPoint\",\"urlTemplate\":\"https:\\\/\\\/www.vosskodobrasil.com.br\\\/novo\\\/?s={search_term_string}\"},\"query-input\":{\"@type\":\"PropertyValueSpecification\",\"valueRequired\":true,\"valueName\":\"search_term_string\"}}],\"inLanguage\":\"pt-BR\"},{\"@type\":\"Organization\",\"@id\":\"https:\\\/\\\/www.vosskodobrasil.com.br\\\/novo\\\/#organization\",\"name\":\"Vossko do Brasil\",\"url\":\"https:\\\/\\\/www.vosskodobrasil.com.br\\\/novo\\\/\",\"logo\":{\"@type\":\"ImageObject\",\"inLanguage\":\"pt-BR\",\"@id\":\"https:\\\/\\\/www.vosskodobrasil.com.br\\\/novo\\\/#\\\/schema\\\/logo\\\/image\\\/\",\"url\":\"https:\\\/\\\/www.vosskodobrasil.com.br\\\/novo\\\/wp-content\\\/uploads\\\/2024\\\/02\\\/vossko-logo.webp\",\"contentUrl\":\"https:\\\/\\\/www.vosskodobrasil.com.br\\\/novo\\\/wp-content\\\/uploads\\\/2024\\\/02\\\/vossko-logo.webp\",\"width\":800,\"height\":443,\"caption\":\"Vossko do Brasil\"},\"image\":{\"@id\":\"https:\\\/\\\/www.vosskodobrasil.com.br\\\/novo\\\/#\\\/schema\\\/logo\\\/image\\\/\"},\"sameAs\":[\"https:\\\/\\\/www.facebook.com\\\/vosskodobrasil\\\/\",\"https:\\\/\\\/www.instagram.com\\\/vosskodobrasil\\\/\",\"https:\\\/\\\/www.linkedin.com\\\/company\\\/vosskodobrasil\\\/\"]}]}<\/script>\n<!-- \/ Yoast SEO plugin. -->","yoast_head_json":{"title":"Relat\u00f3rio de Transpar\u00eancia Salarial - Vossko do Brasil","robots":{"index":"index","follow":"follow","max-snippet":"max-snippet:-1","max-image-preview":"max-image-preview:large","max-video-preview":"max-video-preview:-1"},"canonical":"https:\/\/www.vosskodobrasil.com.br\/novo\/relatorio-de-transparencia-salarial\/","og_locale":"pt_BR","og_type":"article","og_title":"Relat\u00f3rio de Transpar\u00eancia Salarial - Vossko do Brasil","og_description":"Em cumprimento \u00e0 Lei n\u00ba 14.611 de 04 de julho de 2023, \u00e0 Portaria MTE N\u00ba 3.714 ao Decreto n\u00ba 11.795\/2023, bem como aos compromissos da Vossko para a promo\u00e7\u00e3o de pr\u00e1ticas de inclus\u00e3o e diversidade, divulgamos o nosso relat\u00f3rio de igualdade salarial. \u00c9 importante saber que a CBO (Classifica\u00e7\u00e3o Brasileira de Ocupa\u00e7\u00f5es) \u00e9 um [&hellip;]","og_url":"https:\/\/www.vosskodobrasil.com.br\/novo\/relatorio-de-transparencia-salarial\/","og_site_name":"Vossko do Brasil","article_publisher":"https:\/\/www.facebook.com\/vosskodobrasil\/","article_modified_time":"2026-03-20T10:56:18+00:00","twitter_card":"summary_large_image","twitter_misc":{"Est. tempo de leitura":"1 minuto"},"schema":{"@context":"https:\/\/schema.org","@graph":[{"@type":"WebPage","@id":"https:\/\/www.vosskodobrasil.com.br\/novo\/relatorio-de-transparencia-salarial\/","url":"https:\/\/www.vosskodobrasil.com.br\/novo\/relatorio-de-transparencia-salarial\/","name":"Relat\u00f3rio de Transpar\u00eancia Salarial - Vossko do Brasil","isPartOf":{"@id":"https:\/\/www.vosskodobrasil.com.br\/novo\/#website"},"primaryImageOfPage":{"@id":"https:\/\/www.vosskodobrasil.com.br\/novo\/relatorio-de-transparencia-salarial\/#primaryimage"},"image":{"@id":"https:\/\/www.vosskodobrasil.com.br\/novo\/relatorio-de-transparencia-salarial\/#primaryimage"},"thumbnailUrl":"https:\/\/www.vosskodobrasil.com.br\/novo\/wp-content\/uploads\/2025\/09\/08.2025-3-pdf.jpg","datePublished":"2024-07-10T20:44:17+00:00","dateModified":"2026-03-20T10:56:18+00:00","breadcrumb":{"@id":"https:\/\/www.vosskodobrasil.com.br\/novo\/relatorio-de-transparencia-salarial\/#breadcrumb"},"inLanguage":"pt-BR","potentialAction":[{"@type":"ReadAction","target":["https:\/\/www.vosskodobrasil.com.br\/novo\/relatorio-de-transparencia-salarial\/"]}]},{"@type":"ImageObject","inLanguage":"pt-BR","@id":"https:\/\/www.vosskodobrasil.com.br\/novo\/relatorio-de-transparencia-salarial\/#primaryimage","url":"https:\/\/www.vosskodobrasil.com.br\/novo\/wp-content\/uploads\/2025\/09\/08.2025-3-pdf.jpg","contentUrl":"https:\/\/www.vosskodobrasil.com.br\/novo\/wp-content\/uploads\/2025\/09\/08.2025-3-pdf.jpg"},{"@type":"BreadcrumbList","@id":"https:\/\/www.vosskodobrasil.com.br\/novo\/relatorio-de-transparencia-salarial\/#breadcrumb","itemListElement":[{"@type":"ListItem","position":1,"name":"In\u00edcio","item":"https:\/\/www.vosskodobrasil.com.br\/novo\/"},{"@type":"ListItem","position":2,"name":"Relat\u00f3rio de Transpar\u00eancia Salarial"}]},{"@type":"WebSite","@id":"https:\/\/www.vosskodobrasil.com.br\/novo\/#website","url":"https:\/\/www.vosskodobrasil.com.br\/novo\/","name":"Vossko do Brasil","description":"Somos especialistas em produtos congelados","publisher":{"@id":"https:\/\/www.vosskodobrasil.com.br\/novo\/#organization"},"potentialAction":[{"@type":"SearchAction","target":{"@type":"EntryPoint","urlTemplate":"https:\/\/www.vosskodobrasil.com.br\/novo\/?s={search_term_string}"},"query-input":{"@type":"PropertyValueSpecification","valueRequired":true,"valueName":"search_term_string"}}],"inLanguage":"pt-BR"},{"@type":"Organization","@id":"https:\/\/www.vosskodobrasil.com.br\/novo\/#organization","name":"Vossko do Brasil","url":"https:\/\/www.vosskodobrasil.com.br\/novo\/","logo":{"@type":"ImageObject","inLanguage":"pt-BR","@id":"https:\/\/www.vosskodobrasil.com.br\/novo\/#\/schema\/logo\/image\/","url":"https:\/\/www.vosskodobrasil.com.br\/novo\/wp-content\/uploads\/2024\/02\/vossko-logo.webp","contentUrl":"https:\/\/www.vosskodobrasil.com.br\/novo\/wp-content\/uploads\/2024\/02\/vossko-logo.webp","width":800,"height":443,"caption":"Vossko do Brasil"},"image":{"@id":"https:\/\/www.vosskodobrasil.com.br\/novo\/#\/schema\/logo\/image\/"},"sameAs":["https:\/\/www.facebook.com\/vosskodobrasil\/","https:\/\/www.instagram.com\/vosskodobrasil\/","https:\/\/www.linkedin.com\/company\/vosskodobrasil\/"]}]}},"_links":{"self":[{"href":"https:\/\/www.vosskodobrasil.com.br\/novo\/wp-json\/wp\/v2\/pages\/1635","targetHints":{"allow":["GET"]}}],"collection":[{"href":"https:\/\/www.vosskodobrasil.com.br\/novo\/wp-json\/wp\/v2\/pages"}],"about":[{"href":"https:\/\/www.vosskodobrasil.com.br\/novo\/wp-json\/wp\/v2\/types\/page"}],"author":[{"embeddable":true,"href":"https:\/\/www.vosskodobrasil.com.br\/novo\/wp-json\/wp\/v2\/users\/2"}],"replies":[{"embeddable":true,"href":"https:\/\/www.vosskodobrasil.com.br\/novo\/wp-json\/wp\/v2\/comments?post=1635"}],"version-history":[{"count":57,"href":"https:\/\/www.vosskodobrasil.com.br\/novo\/wp-json\/wp\/v2\/pages\/1635\/revisions"}],"predecessor-version":[{"id":20206,"href":"https:\/\/www.vosskodobrasil.com.br\/novo\/wp-json\/wp\/v2\/pages\/1635\/revisions\/20206"}],"wp:featuredmedia":[{"embeddable":true,"href":"https:\/\/www.vosskodobrasil.com.br\/novo\/wp-json\/wp\/v2\/media\/12372"}],"wp:attachment":[{"href":"https:\/\/www.vosskodobrasil.com.br\/novo\/wp-json\/wp\/v2\/media?parent=1635"}],"curies":[{"name":"wp","href":"https:\/\/api.w.org\/{rel}","templated":true}]}}