{"id":11170,"date":"2025-05-14T13:38:07","date_gmt":"2025-05-14T16:38:07","guid":{"rendered":"https:\/\/www.vosskodobrasil.com.br\/novo\/?page_id=11170"},"modified":"2025-05-14T13:54:18","modified_gmt":"2025-05-14T16:54:18","slug":"acesso-ao-canal-de-denuncias","status":"publish","type":"page","link":"https:\/\/www.vosskodobrasil.com.br\/novo\/acesso-ao-canal-de-denuncias\/","title":{"rendered":"Acesso ao Canal de Den\u00fancias"},"content":{"rendered":"\t\t<div data-elementor-type=\"wp-page\" data-elementor-id=\"11170\" class=\"elementor elementor-11170\" data-elementor-post-type=\"page\">\n\t\t\t\t<div class=\"elementor-element elementor-element-97b612d e-flex e-con-boxed e-con e-parent\" data-id=\"97b612d\" data-element_type=\"container\" data-e-type=\"container\" data-settings=\"{&quot;background_background&quot;:&quot;gradient&quot;,&quot;shape_divider_bottom&quot;:&quot;waves&quot;,&quot;shape_divider_bottom_negative&quot;:&quot;yes&quot;}\">\n\t\t\t\t\t<div class=\"e-con-inner\">\n\t\t\t\t<div class=\"elementor-shape elementor-shape-bottom\" aria-hidden=\"true\" data-negative=\"true\">\n\t\t\t<svg xmlns=\"http:\/\/www.w3.org\/2000\/svg\" viewBox=\"0 0 1000 100\" preserveAspectRatio=\"none\">\n\t<path class=\"elementor-shape-fill\" d=\"M790.5,93.1c-59.3-5.3-116.8-18-192.6-50c-29.6-12.7-76.9-31-100.5-35.9c-23.6-4.9-52.6-7.8-75.5-5.3\n\tc-10.2,1.1-22.6,1.4-50.1,7.4c-27.2,6.3-58.2,16.6-79.4,24.7c-41.3,15.9-94.9,21.9-134,22.6C72,58.2,0,25.8,0,25.8V100h1000V65.3\n\tc0,0-51.5,19.4-106.2,25.7C839.5,97,814.1,95.2,790.5,93.1z\"\/>\n<\/svg>\t\t<\/div>\n\t\t<div class=\"elementor-element elementor-element-dccc763 e-con-full e-flex e-con e-child\" data-id=\"dccc763\" data-element_type=\"container\" data-e-type=\"container\">\n\t\t\t\t<div class=\"elementor-element elementor-element-273c7f0 elementor-widget elementor-widget-heading\" data-id=\"273c7f0\" data-element_type=\"widget\" data-e-type=\"widget\" data-widget_type=\"heading.default\">\n\t\t\t\t<div class=\"elementor-widget-container\">\n\t\t\t\t\t<h2 class=\"elementor-heading-title elementor-size-default\">Acesso ao Canal de Den\u00fancias<\/h2>\t\t\t\t<\/div>\n\t\t\t\t<\/div>\n\t\t\t\t<\/div>\n\t\t\t\t\t<\/div>\n\t\t\t\t<\/div>\n\t\t<div class=\"elementor-element elementor-element-53b19190 e-flex e-con-boxed e-con e-parent\" data-id=\"53b19190\" data-element_type=\"container\" data-e-type=\"container\">\n\t\t\t\t\t<div class=\"e-con-inner\">\n\t\t\t\t<div class=\"elementor-element elementor-element-23a8b6c8 elementor-widget elementor-widget-text-editor\" data-id=\"23a8b6c8\" data-element_type=\"widget\" data-e-type=\"widget\" data-widget_type=\"text-editor.default\">\n\t\t\t\t<div class=\"elementor-widget-container\">\n\t\t\t\t\t\t\t\t\t\n<p>A fim de promover uma gest\u00e3o transparente, \u00e9tica e respons\u00e1vel, a Vossko do Brasil disponibiliza canais para o envio de comunica\u00e7\u00f5es e den\u00fancias sobre condutas que estejam em desacordo com a legisla\u00e7\u00e3o, com o C\u00f3digo de \u00c9tica e Conduta da empresa ou com suas pol\u00edticas internas.<\/p>\n\n<p>As manifesta\u00e7\u00f5es s\u00e3o tratadas com sigilo e confidencialidade pelo setor de Integridade, garantindo a prote\u00e7\u00e3o das informa\u00e7\u00f5es fornecidas.<\/p>\n\n<p>As den\u00fancias podem ser feitas por meio do formul\u00e1rio f\u00edsico dispon\u00edvel em pontos estrat\u00e9gicos da empresa ou pelo nosso site: <a href=\"https:\/\/www.vosskodobrasil.com.br\/canal\">www.vosskodobrasil.com.br<\/a>, na se\u00e7\u00e3o \u201cCanal de Den\u00fancias\u201d, localizada ao final da p\u00e1gina ou na aba &#8220;Contato&#8221;.<\/p>\n\n<p>Ao registrar a den\u00fancia pelo site, o denunciante receber\u00e1 um n\u00famero de protocolo, que deve ser guardado para acompanhamento e futuras comunica\u00e7\u00f5es sobre o caso.<\/p>\n\n<p>As respostas ser\u00e3o dadas conforme os prazos estabelecidos na diretriz interna PG.INT.004. Situa\u00e7\u00f5es com ind\u00edcios de maior gravidade receber\u00e3o prioridade no tratamento.<\/p>\n\n<p>Vossko do Brasil<\/p>\n\n<p>Para registrar seu relato, clique no link: <a href=\"https:\/\/www.vosskodobrasil.com.br\/canal\">https:\/\/www.vosskodobrasil.com.br\/canal<\/a><\/p>\n\n<p>\u00a0<\/p>\n\t\t\t\t\t\t\t\t<\/div>\n\t\t\t\t<\/div>\n\t\t\t\t\t<\/div>\n\t\t\t\t<\/div>\n\t\t\t\t<\/div>\n\t\t","protected":false},"excerpt":{"rendered":"<p>A fim de promover uma gest\u00e3o transparente, \u00e9tica e respons\u00e1vel, a Vossko do Brasil disponibiliza canais para o envio de comunica\u00e7\u00f5es e den\u00fancias sobre condutas que estejam em desacordo com a legisla\u00e7\u00e3o, com o C\u00f3digo de \u00c9tica e Conduta da empresa ou com suas pol\u00edticas internas. As manifesta\u00e7\u00f5es s\u00e3o tratadas com sigilo e confidencialidade pelo [&hellip;]<\/p>\n","protected":false},"author":2,"featured_media":0,"parent":0,"menu_order":0,"comment_status":"closed","ping_status":"closed","template":"elementor_header_footer","meta":{"_acf_changed":false,"_monsterinsights_skip_tracking":false,"_monsterinsights_sitenote_active":false,"_monsterinsights_sitenote_note":"","_monsterinsights_sitenote_category":0,"footnotes":""},"class_list":["post-11170","page","type-page","status-publish","hentry"],"acf":[],"yoast_head":"<!-- This site is optimized with the Yoast SEO plugin v27.4 - https:\/\/yoast.com\/product\/yoast-seo-wordpress\/ -->\n<title>Acesso ao Canal de Den\u00fancias - Vossko do Brasil<\/title>\n<meta name=\"robots\" content=\"index, follow, max-snippet:-1, max-image-preview:large, max-video-preview:-1\" \/>\n<link rel=\"canonical\" href=\"https:\/\/www.vosskodobrasil.com.br\/novo\/acesso-ao-canal-de-denuncias\/\" \/>\n<meta property=\"og:locale\" content=\"pt_BR\" \/>\n<meta property=\"og:type\" content=\"article\" \/>\n<meta property=\"og:title\" content=\"Acesso ao Canal de Den\u00fancias - Vossko do Brasil\" \/>\n<meta property=\"og:description\" content=\"A fim de promover uma gest\u00e3o transparente, \u00e9tica e respons\u00e1vel, a Vossko do Brasil disponibiliza canais para o envio de comunica\u00e7\u00f5es e den\u00fancias sobre condutas que estejam em desacordo com a legisla\u00e7\u00e3o, com o C\u00f3digo de \u00c9tica e Conduta da empresa ou com suas pol\u00edticas internas. As manifesta\u00e7\u00f5es s\u00e3o tratadas com sigilo e confidencialidade pelo [&hellip;]\" \/>\n<meta property=\"og:url\" content=\"https:\/\/www.vosskodobrasil.com.br\/novo\/acesso-ao-canal-de-denuncias\/\" \/>\n<meta property=\"og:site_name\" content=\"Vossko do Brasil\" \/>\n<meta property=\"article:publisher\" content=\"https:\/\/www.facebook.com\/vosskodobrasil\/\" \/>\n<meta property=\"article:modified_time\" content=\"2025-05-14T16:54:18+00:00\" \/>\n<meta name=\"twitter:card\" content=\"summary_large_image\" \/>\n<meta name=\"twitter:label1\" content=\"Est. tempo de leitura\" \/>\n\t<meta name=\"twitter:data1\" content=\"1 minuto\" \/>\n<script type=\"application\/ld+json\" class=\"yoast-schema-graph\">{\"@context\":\"https:\\\/\\\/schema.org\",\"@graph\":[{\"@type\":\"WebPage\",\"@id\":\"https:\\\/\\\/www.vosskodobrasil.com.br\\\/novo\\\/acesso-ao-canal-de-denuncias\\\/\",\"url\":\"https:\\\/\\\/www.vosskodobrasil.com.br\\\/novo\\\/acesso-ao-canal-de-denuncias\\\/\",\"name\":\"Acesso ao Canal de Den\u00fancias - Vossko do Brasil\",\"isPartOf\":{\"@id\":\"https:\\\/\\\/www.vosskodobrasil.com.br\\\/novo\\\/#website\"},\"datePublished\":\"2025-05-14T16:38:07+00:00\",\"dateModified\":\"2025-05-14T16:54:18+00:00\",\"breadcrumb\":{\"@id\":\"https:\\\/\\\/www.vosskodobrasil.com.br\\\/novo\\\/acesso-ao-canal-de-denuncias\\\/#breadcrumb\"},\"inLanguage\":\"pt-BR\",\"potentialAction\":[{\"@type\":\"ReadAction\",\"target\":[\"https:\\\/\\\/www.vosskodobrasil.com.br\\\/novo\\\/acesso-ao-canal-de-denuncias\\\/\"]}]},{\"@type\":\"BreadcrumbList\",\"@id\":\"https:\\\/\\\/www.vosskodobrasil.com.br\\\/novo\\\/acesso-ao-canal-de-denuncias\\\/#breadcrumb\",\"itemListElement\":[{\"@type\":\"ListItem\",\"position\":1,\"name\":\"In\u00edcio\",\"item\":\"https:\\\/\\\/www.vosskodobrasil.com.br\\\/novo\\\/\"},{\"@type\":\"ListItem\",\"position\":2,\"name\":\"Acesso ao Canal de Den\u00fancias\"}]},{\"@type\":\"WebSite\",\"@id\":\"https:\\\/\\\/www.vosskodobrasil.com.br\\\/novo\\\/#website\",\"url\":\"https:\\\/\\\/www.vosskodobrasil.com.br\\\/novo\\\/\",\"name\":\"Vossko do Brasil\",\"description\":\"Somos especialistas em produtos congelados\",\"publisher\":{\"@id\":\"https:\\\/\\\/www.vosskodobrasil.com.br\\\/novo\\\/#organization\"},\"potentialAction\":[{\"@type\":\"SearchAction\",\"target\":{\"@type\":\"EntryPoint\",\"urlTemplate\":\"https:\\\/\\\/www.vosskodobrasil.com.br\\\/novo\\\/?s={search_term_string}\"},\"query-input\":{\"@type\":\"PropertyValueSpecification\",\"valueRequired\":true,\"valueName\":\"search_term_string\"}}],\"inLanguage\":\"pt-BR\"},{\"@type\":\"Organization\",\"@id\":\"https:\\\/\\\/www.vosskodobrasil.com.br\\\/novo\\\/#organization\",\"name\":\"Vossko do Brasil\",\"url\":\"https:\\\/\\\/www.vosskodobrasil.com.br\\\/novo\\\/\",\"logo\":{\"@type\":\"ImageObject\",\"inLanguage\":\"pt-BR\",\"@id\":\"https:\\\/\\\/www.vosskodobrasil.com.br\\\/novo\\\/#\\\/schema\\\/logo\\\/image\\\/\",\"url\":\"https:\\\/\\\/www.vosskodobrasil.com.br\\\/novo\\\/wp-content\\\/uploads\\\/2024\\\/02\\\/vossko-logo.webp\",\"contentUrl\":\"https:\\\/\\\/www.vosskodobrasil.com.br\\\/novo\\\/wp-content\\\/uploads\\\/2024\\\/02\\\/vossko-logo.webp\",\"width\":800,\"height\":443,\"caption\":\"Vossko do Brasil\"},\"image\":{\"@id\":\"https:\\\/\\\/www.vosskodobrasil.com.br\\\/novo\\\/#\\\/schema\\\/logo\\\/image\\\/\"},\"sameAs\":[\"https:\\\/\\\/www.facebook.com\\\/vosskodobrasil\\\/\",\"https:\\\/\\\/www.instagram.com\\\/vosskodobrasil\\\/\",\"https:\\\/\\\/www.linkedin.com\\\/company\\\/vosskodobrasil\\\/\"]}]}<\/script>\n<!-- \/ Yoast SEO plugin. -->","yoast_head_json":{"title":"Acesso ao Canal de Den\u00fancias - Vossko do Brasil","robots":{"index":"index","follow":"follow","max-snippet":"max-snippet:-1","max-image-preview":"max-image-preview:large","max-video-preview":"max-video-preview:-1"},"canonical":"https:\/\/www.vosskodobrasil.com.br\/novo\/acesso-ao-canal-de-denuncias\/","og_locale":"pt_BR","og_type":"article","og_title":"Acesso ao Canal de Den\u00fancias - Vossko do Brasil","og_description":"A fim de promover uma gest\u00e3o transparente, \u00e9tica e respons\u00e1vel, a Vossko do Brasil disponibiliza canais para o envio de comunica\u00e7\u00f5es e den\u00fancias sobre condutas que estejam em desacordo com a legisla\u00e7\u00e3o, com o C\u00f3digo de \u00c9tica e Conduta da empresa ou com suas pol\u00edticas internas. As manifesta\u00e7\u00f5es s\u00e3o tratadas com sigilo e confidencialidade pelo [&hellip;]","og_url":"https:\/\/www.vosskodobrasil.com.br\/novo\/acesso-ao-canal-de-denuncias\/","og_site_name":"Vossko do Brasil","article_publisher":"https:\/\/www.facebook.com\/vosskodobrasil\/","article_modified_time":"2025-05-14T16:54:18+00:00","twitter_card":"summary_large_image","twitter_misc":{"Est. tempo de leitura":"1 minuto"},"schema":{"@context":"https:\/\/schema.org","@graph":[{"@type":"WebPage","@id":"https:\/\/www.vosskodobrasil.com.br\/novo\/acesso-ao-canal-de-denuncias\/","url":"https:\/\/www.vosskodobrasil.com.br\/novo\/acesso-ao-canal-de-denuncias\/","name":"Acesso ao Canal de Den\u00fancias - Vossko do Brasil","isPartOf":{"@id":"https:\/\/www.vosskodobrasil.com.br\/novo\/#website"},"datePublished":"2025-05-14T16:38:07+00:00","dateModified":"2025-05-14T16:54:18+00:00","breadcrumb":{"@id":"https:\/\/www.vosskodobrasil.com.br\/novo\/acesso-ao-canal-de-denuncias\/#breadcrumb"},"inLanguage":"pt-BR","potentialAction":[{"@type":"ReadAction","target":["https:\/\/www.vosskodobrasil.com.br\/novo\/acesso-ao-canal-de-denuncias\/"]}]},{"@type":"BreadcrumbList","@id":"https:\/\/www.vosskodobrasil.com.br\/novo\/acesso-ao-canal-de-denuncias\/#breadcrumb","itemListElement":[{"@type":"ListItem","position":1,"name":"In\u00edcio","item":"https:\/\/www.vosskodobrasil.com.br\/novo\/"},{"@type":"ListItem","position":2,"name":"Acesso ao Canal de Den\u00fancias"}]},{"@type":"WebSite","@id":"https:\/\/www.vosskodobrasil.com.br\/novo\/#website","url":"https:\/\/www.vosskodobrasil.com.br\/novo\/","name":"Vossko do Brasil","description":"Somos especialistas em produtos congelados","publisher":{"@id":"https:\/\/www.vosskodobrasil.com.br\/novo\/#organization"},"potentialAction":[{"@type":"SearchAction","target":{"@type":"EntryPoint","urlTemplate":"https:\/\/www.vosskodobrasil.com.br\/novo\/?s={search_term_string}"},"query-input":{"@type":"PropertyValueSpecification","valueRequired":true,"valueName":"search_term_string"}}],"inLanguage":"pt-BR"},{"@type":"Organization","@id":"https:\/\/www.vosskodobrasil.com.br\/novo\/#organization","name":"Vossko do Brasil","url":"https:\/\/www.vosskodobrasil.com.br\/novo\/","logo":{"@type":"ImageObject","inLanguage":"pt-BR","@id":"https:\/\/www.vosskodobrasil.com.br\/novo\/#\/schema\/logo\/image\/","url":"https:\/\/www.vosskodobrasil.com.br\/novo\/wp-content\/uploads\/2024\/02\/vossko-logo.webp","contentUrl":"https:\/\/www.vosskodobrasil.com.br\/novo\/wp-content\/uploads\/2024\/02\/vossko-logo.webp","width":800,"height":443,"caption":"Vossko do Brasil"},"image":{"@id":"https:\/\/www.vosskodobrasil.com.br\/novo\/#\/schema\/logo\/image\/"},"sameAs":["https:\/\/www.facebook.com\/vosskodobrasil\/","https:\/\/www.instagram.com\/vosskodobrasil\/","https:\/\/www.linkedin.com\/company\/vosskodobrasil\/"]}]}},"_links":{"self":[{"href":"https:\/\/www.vosskodobrasil.com.br\/novo\/wp-json\/wp\/v2\/pages\/11170","targetHints":{"allow":["GET"]}}],"collection":[{"href":"https:\/\/www.vosskodobrasil.com.br\/novo\/wp-json\/wp\/v2\/pages"}],"about":[{"href":"https:\/\/www.vosskodobrasil.com.br\/novo\/wp-json\/wp\/v2\/types\/page"}],"author":[{"embeddable":true,"href":"https:\/\/www.vosskodobrasil.com.br\/novo\/wp-json\/wp\/v2\/users\/2"}],"replies":[{"embeddable":true,"href":"https:\/\/www.vosskodobrasil.com.br\/novo\/wp-json\/wp\/v2\/comments?post=11170"}],"version-history":[{"count":4,"href":"https:\/\/www.vosskodobrasil.com.br\/novo\/wp-json\/wp\/v2\/pages\/11170\/revisions"}],"predecessor-version":[{"id":11177,"href":"https:\/\/www.vosskodobrasil.com.br\/novo\/wp-json\/wp\/v2\/pages\/11170\/revisions\/11177"}],"wp:attachment":[{"href":"https:\/\/www.vosskodobrasil.com.br\/novo\/wp-json\/wp\/v2\/media?parent=11170"}],"curies":[{"name":"wp","href":"https:\/\/api.w.org\/{rel}","templated":true}]}}